{"id":52997,"date":"2026-01-31T10:00:31","date_gmt":"2026-01-31T09:00:31","guid":{"rendered":"https:\/\/www.sweetmaloryne.com\/boutique\/?post_type=product&#038;p=52997"},"modified":"2026-01-31T12:31:30","modified_gmt":"2026-01-31T11:31:30","slug":"maison-lanterne-en-ceramique-beige-et-taupe-12x9x28-cm","status":"publish","type":"product","link":"https:\/\/www.sweetmaloryne.com\/boutique\/produit\/maison-lanterne-en-ceramique-beige-et-taupe-12x9x28-cm\/","title":{"rendered":"Maison Lanterne en C\u00e9ramique Beige et Taupe 12x9x28 cm"},"content":{"rendered":"","protected":false},"excerpt":{"rendered":"<p>Cette maison en c\u00e9ramique color\u00e9e apporte la lumi\u00e8re et la chaleur dans votre int\u00e9rieur.<\/p>\n<p>De plus, cette maison rappelle les maisons de canal d&rsquo;Amsterdam.<\/p>\n<p>Combinez-le avec diff\u00e9rentes tailles et formes pour cr\u00e9er une belle d\u00e9coration.<\/p>\n","protected":false},"featured_media":53001,"template":"","meta":[],"product_brand":[],"product_cat":[19,40,887,45,39,658,23,890,888],"product_tag":[],"class_list":{"0":"post-52997","1":"product","2":"type-product","3":"status-publish","4":"has-post-thumbnail","6":"product_cat-decoration","7":"product_cat-jardin","8":"product_cat-lanterne-photophore","9":"product_cat-lanternes-photophores","10":"product_cat-luminaires","11":"product_cat-nouveautes","12":"product_cat-objets-deco","13":"product_cat-ornement-a-poser-jardin","14":"product_cat-ornement-a-poser","15":"description-off","17":"first","18":"instock","19":"shipping-taxable","20":"purchasable","21":"product-type-simple"},"_links":{"self":[{"href":"https:\/\/www.sweetmaloryne.com\/boutique\/wp-json\/wp\/v2\/product\/52997","targetHints":{"allow":["GET"]}}],"collection":[{"href":"https:\/\/www.sweetmaloryne.com\/boutique\/wp-json\/wp\/v2\/product"}],"about":[{"href":"https:\/\/www.sweetmaloryne.com\/boutique\/wp-json\/wp\/v2\/types\/product"}],"wp:featuredmedia":[{"embeddable":true,"href":"https:\/\/www.sweetmaloryne.com\/boutique\/wp-json\/wp\/v2\/media\/53001"}],"wp:attachment":[{"href":"https:\/\/www.sweetmaloryne.com\/boutique\/wp-json\/wp\/v2\/media?parent=52997"}],"wp:term":[{"taxonomy":"product_brand","embeddable":true,"href":"https:\/\/www.sweetmaloryne.com\/boutique\/wp-json\/wp\/v2\/product_brand?post=52997"},{"taxonomy":"product_cat","embeddable":true,"href":"https:\/\/www.sweetmaloryne.com\/boutique\/wp-json\/wp\/v2\/product_cat?post=52997"},{"taxonomy":"product_tag","embeddable":true,"href":"https:\/\/www.sweetmaloryne.com\/boutique\/wp-json\/wp\/v2\/product_tag?post=52997"}],"curies":[{"name":"wp","href":"https:\/\/api.w.org\/{rel}","templated":true}]}}