{"id":53433,"date":"2026-02-27T16:00:09","date_gmt":"2026-02-27T15:00:09","guid":{"rendered":"https:\/\/www.sweetmaloryne.com\/boutique\/?post_type=product&#038;p=53433"},"modified":"2026-04-18T17:19:10","modified_gmt":"2026-04-18T15:19:10","slug":"fille-aux-ballons-sur-socle-en-metal-rouille-3-boules-en-verre-o7cm-divers-coloris-20x-h-60cm","status":"publish","type":"product","link":"https:\/\/www.sweetmaloryne.com\/boutique\/produit\/fille-aux-ballons-sur-socle-en-metal-rouille-3-boules-en-verre-o7cm-divers-coloris-20x-h-60cm\/","title":{"rendered":"Fille aux Ballons sur Socle en M\u00e9tal Rouill\u00e9, 3 Boules en Verre \u00f87cm, Divers Coloris, 20x H.60cm"},"content":{"rendered":"","protected":false},"excerpt":{"rendered":"","protected":false},"featured_media":53443,"template":"","meta":[],"product_brand":[],"product_cat":[19,40,658,23,889],"product_tag":[],"class_list":{"0":"post-53433","1":"product","2":"type-product","3":"status-publish","4":"has-post-thumbnail","6":"product_cat-decoration","7":"product_cat-jardin","8":"product_cat-nouveautes","9":"product_cat-objets-deco","10":"product_cat-personnage-decoratif","11":"pa_couleur-bleu","12":"pa_couleur-jaune","13":"pa_couleur-3a-rose","14":"pa_couleur-a2-rouge","15":"pa_couleur-cb-vert","16":"description-off","18":"first","19":"instock","20":"shipping-taxable","21":"purchasable","22":"product-type-variable"},"_links":{"self":[{"href":"https:\/\/www.sweetmaloryne.com\/boutique\/wp-json\/wp\/v2\/product\/53433","targetHints":{"allow":["GET"]}}],"collection":[{"href":"https:\/\/www.sweetmaloryne.com\/boutique\/wp-json\/wp\/v2\/product"}],"about":[{"href":"https:\/\/www.sweetmaloryne.com\/boutique\/wp-json\/wp\/v2\/types\/product"}],"wp:featuredmedia":[{"embeddable":true,"href":"https:\/\/www.sweetmaloryne.com\/boutique\/wp-json\/wp\/v2\/media\/53443"}],"wp:attachment":[{"href":"https:\/\/www.sweetmaloryne.com\/boutique\/wp-json\/wp\/v2\/media?parent=53433"}],"wp:term":[{"taxonomy":"product_brand","embeddable":true,"href":"https:\/\/www.sweetmaloryne.com\/boutique\/wp-json\/wp\/v2\/product_brand?post=53433"},{"taxonomy":"product_cat","embeddable":true,"href":"https:\/\/www.sweetmaloryne.com\/boutique\/wp-json\/wp\/v2\/product_cat?post=53433"},{"taxonomy":"product_tag","embeddable":true,"href":"https:\/\/www.sweetmaloryne.com\/boutique\/wp-json\/wp\/v2\/product_tag?post=53433"}],"curies":[{"name":"wp","href":"https:\/\/api.w.org\/{rel}","templated":true}]}}