{"id":53997,"date":"2026-04-16T15:04:43","date_gmt":"2026-04-16T13:04:43","guid":{"rendered":"https:\/\/www.sweetmaloryne.com\/boutique\/?post_type=product&#038;p=53997"},"modified":"2026-04-16T15:06:49","modified_gmt":"2026-04-16T13:06:49","slug":"chaussettes-paillettes-maman-damour-36-42","status":"publish","type":"product","link":"https:\/\/www.sweetmaloryne.com\/boutique\/produit\/chaussettes-paillettes-maman-damour-36-42\/","title":{"rendered":"Chaussettes paillettes \u00ab\u00a0Maman d&rsquo;Amour\u00a0\u00bb 36-42"},"content":{"rendered":"","protected":false},"excerpt":{"rendered":"<p>Chaussettes paillettes \u00ab\u00a0Maman d&rsquo;Amour\u00a0\u00bb<\/p>\n<p>Les chaussettes paillettes \u201cMaman d\u2019Amour\u201d sont un accessoire tendre et lumineux, parfait pour c\u00e9l\u00e9brer l\u2019amour inconditionnel d\u2019une maman. Leur effet scintillant \u00e9l\u00e9gant associ\u00e9 \u00e0 un message doux et affectueux apporte une touche de chaleur et de bonne humeur \u00e0 chaque tenue. Confortables, douces et extensibles, elles sont id\u00e9ales \u00e0 porter au quotidien tout en affichant un message plein d\u2019amour.<\/p>\n<p>Ces chaussettes paillet\u00e9es constituent une id\u00e9e cadeau id\u00e9ale pour la f\u00eate des m\u00e8res, un anniversaire ou simplement pour dire \u201cje t\u2019aime\u201d avec style et originalit\u00e9.<\/p>\n<p>Taille : 36-42<\/p>\n","protected":false},"featured_media":53998,"template":"","meta":[],"product_brand":[],"product_cat":[949,658],"product_tag":[],"class_list":{"0":"post-53997","1":"product","2":"type-product","3":"status-publish","4":"has-post-thumbnail","6":"product_cat-fetes-des-meres","7":"product_cat-nouveautes","8":"description-off","10":"first","11":"instock","12":"shipping-taxable","13":"purchasable","14":"product-type-simple"},"_links":{"self":[{"href":"https:\/\/www.sweetmaloryne.com\/boutique\/wp-json\/wp\/v2\/product\/53997","targetHints":{"allow":["GET"]}}],"collection":[{"href":"https:\/\/www.sweetmaloryne.com\/boutique\/wp-json\/wp\/v2\/product"}],"about":[{"href":"https:\/\/www.sweetmaloryne.com\/boutique\/wp-json\/wp\/v2\/types\/product"}],"wp:featuredmedia":[{"embeddable":true,"href":"https:\/\/www.sweetmaloryne.com\/boutique\/wp-json\/wp\/v2\/media\/53998"}],"wp:attachment":[{"href":"https:\/\/www.sweetmaloryne.com\/boutique\/wp-json\/wp\/v2\/media?parent=53997"}],"wp:term":[{"taxonomy":"product_brand","embeddable":true,"href":"https:\/\/www.sweetmaloryne.com\/boutique\/wp-json\/wp\/v2\/product_brand?post=53997"},{"taxonomy":"product_cat","embeddable":true,"href":"https:\/\/www.sweetmaloryne.com\/boutique\/wp-json\/wp\/v2\/product_cat?post=53997"},{"taxonomy":"product_tag","embeddable":true,"href":"https:\/\/www.sweetmaloryne.com\/boutique\/wp-json\/wp\/v2\/product_tag?post=53997"}],"curies":[{"name":"wp","href":"https:\/\/api.w.org\/{rel}","templated":true}]}}