{"id":53999,"date":"2026-04-16T15:07:15","date_gmt":"2026-04-16T13:07:15","guid":{"rendered":"https:\/\/www.sweetmaloryne.com\/boutique\/?post_type=product&#038;p=53999"},"modified":"2026-04-16T15:08:44","modified_gmt":"2026-04-16T13:08:44","slug":"chaussettes-paillettes-maman-parfaite-36-42","status":"publish","type":"product","link":"https:\/\/www.sweetmaloryne.com\/boutique\/produit\/chaussettes-paillettes-maman-parfaite-36-42\/","title":{"rendered":"Chaussettes paillettes \u00ab\u00a0Maman Parfaite\u00a0\u00bb 36-42"},"content":{"rendered":"","protected":false},"excerpt":{"rendered":"<p>Chaussettes paillettes \u00ab\u00a0Maman Parfaite\u00a0\u00bb<\/p>\n<p>Les chaussettes paillettes \u201cMaman Parfaite\u201d sont l\u2019accessoire id\u00e9al pour c\u00e9l\u00e9brer les mamans avec style, douceur et une touche de brillance. Leur effet scintillant \u00e9l\u00e9gant associ\u00e9 \u00e0 un message tendre et valorisant en fait un incontournable du dressing, \u00e0 la fois confortable et plein d\u2019\u00e9motion.<\/p>\n<p>Douces, extensibles et agr\u00e9ables \u00e0 porter au quotidien, ces chaussettes paillet\u00e9es apportent une note fun et chic \u00e0 toutes les tenues. Elles constituent une id\u00e9e cadeau parfaite pour la f\u00eate des m\u00e8res, un anniversaire ou simplement pour rappeler \u00e0 une maman combien elle est exceptionnelle.<\/p>\n<p>Taille : 36-42<\/p>\n","protected":false},"featured_media":54000,"template":"","meta":[],"product_brand":[],"product_cat":[949,658],"product_tag":[],"class_list":{"0":"post-53999","1":"product","2":"type-product","3":"status-publish","4":"has-post-thumbnail","6":"product_cat-fetes-des-meres","7":"product_cat-nouveautes","8":"description-off","10":"first","11":"instock","12":"shipping-taxable","13":"purchasable","14":"product-type-simple"},"_links":{"self":[{"href":"https:\/\/www.sweetmaloryne.com\/boutique\/wp-json\/wp\/v2\/product\/53999","targetHints":{"allow":["GET"]}}],"collection":[{"href":"https:\/\/www.sweetmaloryne.com\/boutique\/wp-json\/wp\/v2\/product"}],"about":[{"href":"https:\/\/www.sweetmaloryne.com\/boutique\/wp-json\/wp\/v2\/types\/product"}],"wp:featuredmedia":[{"embeddable":true,"href":"https:\/\/www.sweetmaloryne.com\/boutique\/wp-json\/wp\/v2\/media\/54000"}],"wp:attachment":[{"href":"https:\/\/www.sweetmaloryne.com\/boutique\/wp-json\/wp\/v2\/media?parent=53999"}],"wp:term":[{"taxonomy":"product_brand","embeddable":true,"href":"https:\/\/www.sweetmaloryne.com\/boutique\/wp-json\/wp\/v2\/product_brand?post=53999"},{"taxonomy":"product_cat","embeddable":true,"href":"https:\/\/www.sweetmaloryne.com\/boutique\/wp-json\/wp\/v2\/product_cat?post=53999"},{"taxonomy":"product_tag","embeddable":true,"href":"https:\/\/www.sweetmaloryne.com\/boutique\/wp-json\/wp\/v2\/product_tag?post=53999"}],"curies":[{"name":"wp","href":"https:\/\/api.w.org\/{rel}","templated":true}]}}