{"id":54005,"date":"2026-04-16T15:19:56","date_gmt":"2026-04-16T13:19:56","guid":{"rendered":"https:\/\/www.sweetmaloryne.com\/boutique\/?post_type=product&#038;p=54005"},"modified":"2026-04-16T15:27:59","modified_gmt":"2026-04-16T13:27:59","slug":"pochon-3joyeuses-fetes-des-meres-3-savons","status":"publish","type":"product","link":"https:\/\/www.sweetmaloryne.com\/boutique\/produit\/pochon-3joyeuses-fetes-des-meres-3-savons\/","title":{"rendered":"Pochon \u00ab\u00a0Joyeuses F\u00eates des M\u00e8res\u00a0\u00bb + 3 savons"},"content":{"rendered":"","protected":false},"excerpt":{"rendered":"<div data-v-11ef03df=\"\">\n<div data-v-cbba9010=\"\" data-v-11ef03df=\"\">\n<div class=\"rich-description ds-text-base ds-text-neutral-900 text-collapsed\" data-v-cbba9010=\"\">\n<p>Pochon Joyeuses f\u00eates des m\u00e8res + 3 savons<\/p>\n<p>Pochon personnalis\u00e9<br \/>\n3 savons +\/- 30 gr en forme de rose<\/p>\n<p>Cadeau id\u00e9al toute l&rsquo;ann\u00e9e et \u00e0 la f\u00eate des Mamans<\/p>\n<\/div>\n<\/div>\n<div class=\"variant-shape-properties\" data-v-8468e13d=\"\" data-v-11ef03df=\"\"><\/div>\n<\/div>\n<ul class=\"ak-tags ds-m-0\" data-v-11ef03df=\"\">\n<li class=\"ak-tag\" data-v-11ef03df=\"\">Fabriqu\u00e9 en France<\/li>\n<\/ul>\n","protected":false},"featured_media":54006,"template":"","meta":[],"product_brand":[],"product_cat":[949,658],"product_tag":[],"class_list":{"0":"post-54005","1":"product","2":"type-product","3":"status-publish","4":"has-post-thumbnail","6":"product_cat-fetes-des-meres","7":"product_cat-nouveautes","8":"description-off","10":"first","11":"instock","12":"shipping-taxable","13":"purchasable","14":"product-type-simple"},"_links":{"self":[{"href":"https:\/\/www.sweetmaloryne.com\/boutique\/wp-json\/wp\/v2\/product\/54005","targetHints":{"allow":["GET"]}}],"collection":[{"href":"https:\/\/www.sweetmaloryne.com\/boutique\/wp-json\/wp\/v2\/product"}],"about":[{"href":"https:\/\/www.sweetmaloryne.com\/boutique\/wp-json\/wp\/v2\/types\/product"}],"wp:featuredmedia":[{"embeddable":true,"href":"https:\/\/www.sweetmaloryne.com\/boutique\/wp-json\/wp\/v2\/media\/54006"}],"wp:attachment":[{"href":"https:\/\/www.sweetmaloryne.com\/boutique\/wp-json\/wp\/v2\/media?parent=54005"}],"wp:term":[{"taxonomy":"product_brand","embeddable":true,"href":"https:\/\/www.sweetmaloryne.com\/boutique\/wp-json\/wp\/v2\/product_brand?post=54005"},{"taxonomy":"product_cat","embeddable":true,"href":"https:\/\/www.sweetmaloryne.com\/boutique\/wp-json\/wp\/v2\/product_cat?post=54005"},{"taxonomy":"product_tag","embeddable":true,"href":"https:\/\/www.sweetmaloryne.com\/boutique\/wp-json\/wp\/v2\/product_tag?post=54005"}],"curies":[{"name":"wp","href":"https:\/\/api.w.org\/{rel}","templated":true}]}}