{"id":54010,"date":"2026-04-16T15:35:17","date_gmt":"2026-04-16T13:35:17","guid":{"rendered":"https:\/\/www.sweetmaloryne.com\/boutique\/?post_type=product&#038;p=54010"},"modified":"2026-04-16T15:38:11","modified_gmt":"2026-04-16T13:38:11","slug":"savon-60gr-au-lait-danesse-maman","status":"publish","type":"product","link":"https:\/\/www.sweetmaloryne.com\/boutique\/produit\/savon-60gr-au-lait-danesse-maman\/","title":{"rendered":"Savon 60gr au Lait d&rsquo;Anesse \u00ab\u00a0MAMAN\u00a0\u00bb"},"content":{"rendered":"","protected":false},"excerpt":{"rendered":"<div data-v-11ef03df=\"\">\n<div data-v-cbba9010=\"\" data-v-11ef03df=\"\">\n<div class=\"rich-description ds-text-base ds-text-neutral-900 text-collapsed\" data-v-cbba9010=\"\">Savon \u00ab\u00a0maman\u00a0\u00bb au lait d&rsquo;anesse<\/p>\n<p>Un joli savon parfum\u00e9 \u00e0 base de lait d&rsquo;\u00e2nesse bio<\/p>\n<p>Imprim\u00e9 : \u00ab\u00a0Maman\u00a0\u00bb<\/p>\n<p>60gr<\/p><\/div>\n<\/div>\n<div class=\"variant-shape-properties\" data-v-8468e13d=\"\" data-v-11ef03df=\"\"><\/div>\n<\/div>\n<ul class=\"ak-tags ds-m-0\" data-v-11ef03df=\"\">\n<li class=\"ak-tag\" data-v-11ef03df=\"\">Fabriqu\u00e9 en France<\/li>\n<\/ul>\n","protected":false},"featured_media":54011,"template":"","meta":[],"product_brand":[],"product_cat":[949,658],"product_tag":[],"class_list":{"0":"post-54010","1":"product","2":"type-product","3":"status-publish","4":"has-post-thumbnail","6":"product_cat-fetes-des-meres","7":"product_cat-nouveautes","8":"description-off","10":"first","11":"instock","12":"shipping-taxable","13":"purchasable","14":"product-type-simple"},"_links":{"self":[{"href":"https:\/\/www.sweetmaloryne.com\/boutique\/wp-json\/wp\/v2\/product\/54010","targetHints":{"allow":["GET"]}}],"collection":[{"href":"https:\/\/www.sweetmaloryne.com\/boutique\/wp-json\/wp\/v2\/product"}],"about":[{"href":"https:\/\/www.sweetmaloryne.com\/boutique\/wp-json\/wp\/v2\/types\/product"}],"wp:featuredmedia":[{"embeddable":true,"href":"https:\/\/www.sweetmaloryne.com\/boutique\/wp-json\/wp\/v2\/media\/54011"}],"wp:attachment":[{"href":"https:\/\/www.sweetmaloryne.com\/boutique\/wp-json\/wp\/v2\/media?parent=54010"}],"wp:term":[{"taxonomy":"product_brand","embeddable":true,"href":"https:\/\/www.sweetmaloryne.com\/boutique\/wp-json\/wp\/v2\/product_brand?post=54010"},{"taxonomy":"product_cat","embeddable":true,"href":"https:\/\/www.sweetmaloryne.com\/boutique\/wp-json\/wp\/v2\/product_cat?post=54010"},{"taxonomy":"product_tag","embeddable":true,"href":"https:\/\/www.sweetmaloryne.com\/boutique\/wp-json\/wp\/v2\/product_tag?post=54010"}],"curies":[{"name":"wp","href":"https:\/\/api.w.org\/{rel}","templated":true}]}}