{"id":54027,"date":"2026-04-16T16:19:22","date_gmt":"2026-04-16T14:19:22","guid":{"rendered":"https:\/\/www.sweetmaloryne.com\/boutique\/?post_type=product&#038;p=54027"},"modified":"2026-04-17T15:28:11","modified_gmt":"2026-04-17T13:28:11","slug":"dahlia-violet-en-ceramique-o4cm-sur-tige","status":"publish","type":"product","link":"https:\/\/www.sweetmaloryne.com\/boutique\/produit\/dahlia-violet-en-ceramique-o4cm-sur-tige\/","title":{"rendered":"Dahlia Violet en C\u00e9ramique \u00f84cm sur Tige"},"content":{"rendered":"","protected":false},"excerpt":{"rendered":"<p>Dahlia Violet en c\u00e9ramique<br \/>\nFabriqu\u00e9 avec raffinement dans des couleurs r\u00e9alistes.<br \/>\nLa fleur est mont\u00e9e sur une tige en m\u00e9tal vert.<br \/>\nLe dahlia peut rester \u00e0 l&rsquo;ext\u00e9rieur, faites juste attention au gel.<\/p>\n<div data-v-20a1167e=\"\">\n<h5 class=\"heading-5\" data-v-20a1167e=\"\">Sp\u00e9cifications du produit<\/h5>\n<\/div>\n<table data-v-20a1167e=\"\">\n<tbody>\n<tr data-v-20a1167e=\"\">\n<td class=\"prop-name\" data-v-20a1167e=\"\">Longueur<\/td>\n<td data-v-20a1167e=\"\">22 cm<\/td>\n<\/tr>\n<tr data-v-20a1167e=\"\">\n<td class=\"prop-name\" data-v-20a1167e=\"\">Diam\u00e8tre<\/td>\n<td data-v-20a1167e=\"\">4 cm<\/td>\n<\/tr>\n<tr data-v-20a1167e=\"\">\n<td class=\"prop-name\" data-v-20a1167e=\"\">Mat\u00e9riaux<\/td>\n<td data-v-20a1167e=\"\">C\u00e9ramique<\/td>\n<\/tr>\n<tr data-v-20a1167e=\"\">\n<td class=\"prop-name\" data-v-20a1167e=\"\">Valeurs<\/td>\n<td data-v-20a1167e=\"\">Fait main<\/td>\n<\/tr>\n<\/tbody>\n<\/table>\n","protected":false},"featured_media":54031,"template":"","meta":[],"product_brand":[],"product_cat":[19,40,658,884,657],"product_tag":[],"class_list":{"0":"post-54027","1":"product","2":"type-product","3":"status-publish","4":"has-post-thumbnail","6":"product_cat-decoration","7":"product_cat-jardin","8":"product_cat-nouveautes","9":"product_cat-piquet-en-ceramique","10":"product_cat-pots-fleuristerie","11":"description-off","13":"first","14":"instock","15":"shipping-taxable","16":"purchasable","17":"product-type-simple"},"_links":{"self":[{"href":"https:\/\/www.sweetmaloryne.com\/boutique\/wp-json\/wp\/v2\/product\/54027","targetHints":{"allow":["GET"]}}],"collection":[{"href":"https:\/\/www.sweetmaloryne.com\/boutique\/wp-json\/wp\/v2\/product"}],"about":[{"href":"https:\/\/www.sweetmaloryne.com\/boutique\/wp-json\/wp\/v2\/types\/product"}],"wp:featuredmedia":[{"embeddable":true,"href":"https:\/\/www.sweetmaloryne.com\/boutique\/wp-json\/wp\/v2\/media\/54031"}],"wp:attachment":[{"href":"https:\/\/www.sweetmaloryne.com\/boutique\/wp-json\/wp\/v2\/media?parent=54027"}],"wp:term":[{"taxonomy":"product_brand","embeddable":true,"href":"https:\/\/www.sweetmaloryne.com\/boutique\/wp-json\/wp\/v2\/product_brand?post=54027"},{"taxonomy":"product_cat","embeddable":true,"href":"https:\/\/www.sweetmaloryne.com\/boutique\/wp-json\/wp\/v2\/product_cat?post=54027"},{"taxonomy":"product_tag","embeddable":true,"href":"https:\/\/www.sweetmaloryne.com\/boutique\/wp-json\/wp\/v2\/product_tag?post=54027"}],"curies":[{"name":"wp","href":"https:\/\/api.w.org\/{rel}","templated":true}]}}