{"id":54049,"date":"2026-04-30T10:19:59","date_gmt":"2026-04-30T08:19:59","guid":{"rendered":"https:\/\/www.sweetmaloryne.com\/boutique\/?post_type=product&#038;p=54049"},"modified":"2026-04-30T10:19:59","modified_gmt":"2026-04-30T08:19:59","slug":"tableau-encadre-highland-in-the-toilet-50x70cm","status":"publish","type":"product","link":"https:\/\/www.sweetmaloryne.com\/boutique\/produit\/tableau-encadre-highland-in-the-toilet-50x70cm\/","title":{"rendered":"Tableau Encadr\u00e9 \u00ab\u00a0Highland in the Toilet\u00a0\u00bb 50x70cm"},"content":{"rendered":"","protected":false},"excerpt":{"rendered":"<p>Impression d&rsquo;art raffin\u00e9e en surface encadr\u00e9e par une bande MDF de 21 mm de couleur assortie<br \/>\nIl s&rsquo;agit d&rsquo;une impression d&rsquo;art encadr\u00e9e avec un sujet humoristique.<\/p>\n<p>L&rsquo;imprim\u00e9 est fini avec une couche protectrice et s&rsquo;int\u00e8gre bien dans une salle de bain ou tout autre int\u00e9rieur o\u00f9 vous souhaitez ajouter un peu d&rsquo;humour.<\/p>\n<p>L&rsquo;ensemble fait une impression soign\u00e9e et est pr\u00eate \u00e0 \u00eatre accroch\u00e9e<\/p>\n","protected":false},"featured_media":54050,"template":"","meta":[],"product_brand":[],"product_cat":[27,19,658,67],"product_tag":[],"class_list":{"0":"post-54049","1":"product","2":"type-product","3":"status-publish","4":"has-post-thumbnail","6":"product_cat-deco-murale","7":"product_cat-decoration","8":"product_cat-nouveautes","9":"product_cat-toiles","10":"description-off","12":"first","13":"instock","14":"shipping-taxable","15":"purchasable","16":"product-type-simple"},"_links":{"self":[{"href":"https:\/\/www.sweetmaloryne.com\/boutique\/wp-json\/wp\/v2\/product\/54049","targetHints":{"allow":["GET"]}}],"collection":[{"href":"https:\/\/www.sweetmaloryne.com\/boutique\/wp-json\/wp\/v2\/product"}],"about":[{"href":"https:\/\/www.sweetmaloryne.com\/boutique\/wp-json\/wp\/v2\/types\/product"}],"wp:featuredmedia":[{"embeddable":true,"href":"https:\/\/www.sweetmaloryne.com\/boutique\/wp-json\/wp\/v2\/media\/54050"}],"wp:attachment":[{"href":"https:\/\/www.sweetmaloryne.com\/boutique\/wp-json\/wp\/v2\/media?parent=54049"}],"wp:term":[{"taxonomy":"product_brand","embeddable":true,"href":"https:\/\/www.sweetmaloryne.com\/boutique\/wp-json\/wp\/v2\/product_brand?post=54049"},{"taxonomy":"product_cat","embeddable":true,"href":"https:\/\/www.sweetmaloryne.com\/boutique\/wp-json\/wp\/v2\/product_cat?post=54049"},{"taxonomy":"product_tag","embeddable":true,"href":"https:\/\/www.sweetmaloryne.com\/boutique\/wp-json\/wp\/v2\/product_tag?post=54049"}],"curies":[{"name":"wp","href":"https:\/\/api.w.org\/{rel}","templated":true}]}}