{"id":54062,"date":"2026-04-30T10:19:59","date_gmt":"2026-04-30T08:19:59","guid":{"rendered":"https:\/\/www.sweetmaloryne.com\/boutique\/?post_type=product&#038;p=54062"},"modified":"2026-04-30T10:19:59","modified_gmt":"2026-04-30T08:19:59","slug":"tableau-encadre-highland-dans-la-prairie-40x50cm","status":"publish","type":"product","link":"https:\/\/www.sweetmaloryne.com\/boutique\/produit\/tableau-encadre-highland-dans-la-prairie-40x50cm\/","title":{"rendered":"Tableau Encadr\u00e9 \u00ab\u00a0Highland dans la Prairie\u00a0\u00bb 40x50cm"},"content":{"rendered":"","protected":false},"excerpt":{"rendered":"<p>Impression d&rsquo;art raffin\u00e9e en surface encadr\u00e9e par une bande MDF de 21 mm de couleur assortie<\/p>\n<p>L&rsquo;impression est finie avec un cadre en bois qui correspond \u00e0 l&rsquo;aspect rustique.<\/p>\n<p>Ce type de d\u00e9coration s\u2019int\u00e8gre bien dans un int\u00e9rieur de style maison de campagne et apporte un \u00e9l\u00e9ment naturel \u00e0 votre espace<\/p>\n","protected":false},"featured_media":54063,"template":"","meta":[],"product_brand":[],"product_cat":[27,19,658,67],"product_tag":[],"class_list":{"0":"post-54062","1":"product","2":"type-product","3":"status-publish","4":"has-post-thumbnail","6":"product_cat-deco-murale","7":"product_cat-decoration","8":"product_cat-nouveautes","9":"product_cat-toiles","10":"description-off","12":"first","13":"instock","14":"shipping-taxable","15":"purchasable","16":"product-type-simple"},"_links":{"self":[{"href":"https:\/\/www.sweetmaloryne.com\/boutique\/wp-json\/wp\/v2\/product\/54062","targetHints":{"allow":["GET"]}}],"collection":[{"href":"https:\/\/www.sweetmaloryne.com\/boutique\/wp-json\/wp\/v2\/product"}],"about":[{"href":"https:\/\/www.sweetmaloryne.com\/boutique\/wp-json\/wp\/v2\/types\/product"}],"wp:featuredmedia":[{"embeddable":true,"href":"https:\/\/www.sweetmaloryne.com\/boutique\/wp-json\/wp\/v2\/media\/54063"}],"wp:attachment":[{"href":"https:\/\/www.sweetmaloryne.com\/boutique\/wp-json\/wp\/v2\/media?parent=54062"}],"wp:term":[{"taxonomy":"product_brand","embeddable":true,"href":"https:\/\/www.sweetmaloryne.com\/boutique\/wp-json\/wp\/v2\/product_brand?post=54062"},{"taxonomy":"product_cat","embeddable":true,"href":"https:\/\/www.sweetmaloryne.com\/boutique\/wp-json\/wp\/v2\/product_cat?post=54062"},{"taxonomy":"product_tag","embeddable":true,"href":"https:\/\/www.sweetmaloryne.com\/boutique\/wp-json\/wp\/v2\/product_tag?post=54062"}],"curies":[{"name":"wp","href":"https:\/\/api.w.org\/{rel}","templated":true}]}}