{"id":54072,"date":"2026-04-30T10:19:59","date_gmt":"2026-04-30T08:19:59","guid":{"rendered":"https:\/\/www.sweetmaloryne.com\/boutique\/?post_type=product&#038;p=54072"},"modified":"2026-04-30T10:19:59","modified_gmt":"2026-04-30T08:19:59","slug":"toile-imprimee-highland-en-couleur-46x61cm","status":"publish","type":"product","link":"https:\/\/www.sweetmaloryne.com\/boutique\/produit\/toile-imprimee-highland-en-couleur-46x61cm\/","title":{"rendered":"Toile Imprim\u00e9e \u00ab\u00a0Highland en Couleur\u00a0\u00bb 46x61cm"},"content":{"rendered":"","protected":false},"excerpt":{"rendered":"<p>Toile imprim\u00e9e tendue sur ch\u00e2ssis<br \/>\nIl s&rsquo;agit d&rsquo;une impression sur toile d&rsquo;un Highlander \u00e9cossais sur ch\u00e2ssis.<\/p>\n<p>L\u2019\u0153uvre montre une vache color\u00e9e avec de longues cornes cr\u00e8me et marron sur un fond bleu.<\/p>\n<p>La pi\u00e8ce a un caract\u00e8re moderne et fonctionne bien comme d\u00e9coration murale dans diff\u00e9rentes pi\u00e8ces.<\/p>\n<p>L\u2019impression est appliqu\u00e9e professionnellement sur toile et pr\u00eate \u00e0 \u00eatre accroch\u00e9e.<\/p>\n","protected":false},"featured_media":54073,"template":"","meta":[],"product_brand":[],"product_cat":[27,19,658,67],"product_tag":[],"class_list":{"0":"post-54072","1":"product","2":"type-product","3":"status-publish","4":"has-post-thumbnail","6":"product_cat-deco-murale","7":"product_cat-decoration","8":"product_cat-nouveautes","9":"product_cat-toiles","10":"description-off","12":"first","13":"instock","14":"shipping-taxable","15":"purchasable","16":"product-type-simple"},"_links":{"self":[{"href":"https:\/\/www.sweetmaloryne.com\/boutique\/wp-json\/wp\/v2\/product\/54072","targetHints":{"allow":["GET"]}}],"collection":[{"href":"https:\/\/www.sweetmaloryne.com\/boutique\/wp-json\/wp\/v2\/product"}],"about":[{"href":"https:\/\/www.sweetmaloryne.com\/boutique\/wp-json\/wp\/v2\/types\/product"}],"wp:featuredmedia":[{"embeddable":true,"href":"https:\/\/www.sweetmaloryne.com\/boutique\/wp-json\/wp\/v2\/media\/54073"}],"wp:attachment":[{"href":"https:\/\/www.sweetmaloryne.com\/boutique\/wp-json\/wp\/v2\/media?parent=54072"}],"wp:term":[{"taxonomy":"product_brand","embeddable":true,"href":"https:\/\/www.sweetmaloryne.com\/boutique\/wp-json\/wp\/v2\/product_brand?post=54072"},{"taxonomy":"product_cat","embeddable":true,"href":"https:\/\/www.sweetmaloryne.com\/boutique\/wp-json\/wp\/v2\/product_cat?post=54072"},{"taxonomy":"product_tag","embeddable":true,"href":"https:\/\/www.sweetmaloryne.com\/boutique\/wp-json\/wp\/v2\/product_tag?post=54072"}],"curies":[{"name":"wp","href":"https:\/\/api.w.org\/{rel}","templated":true}]}}