{"id":54077,"date":"2026-04-30T10:19:59","date_gmt":"2026-04-30T08:19:59","guid":{"rendered":"https:\/\/www.sweetmaloryne.com\/boutique\/?post_type=product&#038;p=54077"},"modified":"2026-04-30T10:19:59","modified_gmt":"2026-04-30T08:19:59","slug":"toile-imprimee-cerf-en-fleurs-60x90cm","status":"publish","type":"product","link":"https:\/\/www.sweetmaloryne.com\/boutique\/produit\/toile-imprimee-cerf-en-fleurs-60x90cm\/","title":{"rendered":"Toile Imprim\u00e9e \u00ab\u00a0Cerf en Fleurs\u00a0\u00bb 60x90cm"},"content":{"rendered":"","protected":false},"excerpt":{"rendered":"<p>Toile imprim\u00e9e tendue sur ch\u00e2ssis<br \/>\nIl s&rsquo;agit d&rsquo;une impression sur toile d&rsquo;un Cerf Fleuri..<\/p>\n<div class=\"content-translations leading-loose text-black\">La toile est tendue sur un cadre, elle peut donc \u00eatre accroch\u00e9e directement au mur.<\/div>\n<div class=\"content-translations leading-loose text-black\">Il conf\u00e8re \u00e0 votre espace une atmosph\u00e8re chaleureuse et apaisante.<\/div>\n","protected":false},"featured_media":54078,"template":"","meta":[],"product_brand":[],"product_cat":[27,19,658,67],"product_tag":[],"class_list":{"0":"post-54077","1":"product","2":"type-product","3":"status-publish","4":"has-post-thumbnail","6":"product_cat-deco-murale","7":"product_cat-decoration","8":"product_cat-nouveautes","9":"product_cat-toiles","10":"description-off","12":"first","13":"instock","14":"shipping-taxable","15":"purchasable","16":"product-type-simple"},"_links":{"self":[{"href":"https:\/\/www.sweetmaloryne.com\/boutique\/wp-json\/wp\/v2\/product\/54077","targetHints":{"allow":["GET"]}}],"collection":[{"href":"https:\/\/www.sweetmaloryne.com\/boutique\/wp-json\/wp\/v2\/product"}],"about":[{"href":"https:\/\/www.sweetmaloryne.com\/boutique\/wp-json\/wp\/v2\/types\/product"}],"wp:featuredmedia":[{"embeddable":true,"href":"https:\/\/www.sweetmaloryne.com\/boutique\/wp-json\/wp\/v2\/media\/54078"}],"wp:attachment":[{"href":"https:\/\/www.sweetmaloryne.com\/boutique\/wp-json\/wp\/v2\/media?parent=54077"}],"wp:term":[{"taxonomy":"product_brand","embeddable":true,"href":"https:\/\/www.sweetmaloryne.com\/boutique\/wp-json\/wp\/v2\/product_brand?post=54077"},{"taxonomy":"product_cat","embeddable":true,"href":"https:\/\/www.sweetmaloryne.com\/boutique\/wp-json\/wp\/v2\/product_cat?post=54077"},{"taxonomy":"product_tag","embeddable":true,"href":"https:\/\/www.sweetmaloryne.com\/boutique\/wp-json\/wp\/v2\/product_tag?post=54077"}],"curies":[{"name":"wp","href":"https:\/\/api.w.org\/{rel}","templated":true}]}}