{"id":54083,"date":"2026-04-30T10:19:59","date_gmt":"2026-04-30T08:19:59","guid":{"rendered":"https:\/\/www.sweetmaloryne.com\/boutique\/?post_type=product&#038;p=54083"},"modified":"2026-04-30T10:19:59","modified_gmt":"2026-04-30T08:19:59","slug":"toile-imprimee-cerf-elegant-46x61cm","status":"publish","type":"product","link":"https:\/\/www.sweetmaloryne.com\/boutique\/produit\/toile-imprimee-cerf-elegant-46x61cm\/","title":{"rendered":"Toile Imprim\u00e9e \u00ab\u00a0Cerf \u00c9l\u00e9gant\u00a0\u00bb 46x61cm"},"content":{"rendered":"","protected":false},"excerpt":{"rendered":"<p>Toile d\u00e9corative \u2013 d\u00e9coration murale \u00e9l\u00e9gante pour votre maison.<\/p>\n<p>Apportez une touche d&rsquo;\u00e9l\u00e9gance \u00e0 vos pi\u00e8ces avec nos impressions d&rsquo;art de haute qualit\u00e9 sur ch\u00e2ssis.<\/p>\n<p>Chaque \u0153uvre d&rsquo;art est tendue sur un cadre robuste et fabriqu\u00e9e professionnellement en Europe pour garantir une longue dur\u00e9e de vie et une qualit\u00e9 sup\u00e9rieure.<br \/>\nNos motifs sont plus que de simples accroches ; ils offrent un moyen simple de transformer des murs en un point fort \u00e9l\u00e9gant.<\/p>\n<p>Les couleurs et les d\u00e9tails nets de chaque motif ajoutent une touche sp\u00e9ciale \u00e0 votre int\u00e9rieur.<\/p>\n<p>Que ce soit comme d\u00e9coration personnelle pour vos \u00a0murs ou comme cadeau, vous trouverez certainement dans notre collection le motif et le format parfaits pour tous les go\u00fbts.<\/p>\n<p>Am\u00e9nagez vos pi\u00e8ces de mani\u00e8re cr\u00e9ative et mettez des accents individuels avec une d\u00e9coration murale qui peut \u00eatre fix\u00e9e directement et facilement sans cadre suppl\u00e9mentaire.<\/p>\n<p>D\u00e9couvrez un art inspirant qui enrichit votre espace de vie d&rsquo;une mani\u00e8re unique.<\/p>\n","protected":false},"featured_media":54084,"template":"","meta":[],"product_brand":[],"product_cat":[27,19,658,67],"product_tag":[],"class_list":{"0":"post-54083","1":"product","2":"type-product","3":"status-publish","4":"has-post-thumbnail","6":"product_cat-deco-murale","7":"product_cat-decoration","8":"product_cat-nouveautes","9":"product_cat-toiles","10":"description-off","12":"first","13":"instock","14":"shipping-taxable","15":"purchasable","16":"product-type-simple"},"_links":{"self":[{"href":"https:\/\/www.sweetmaloryne.com\/boutique\/wp-json\/wp\/v2\/product\/54083","targetHints":{"allow":["GET"]}}],"collection":[{"href":"https:\/\/www.sweetmaloryne.com\/boutique\/wp-json\/wp\/v2\/product"}],"about":[{"href":"https:\/\/www.sweetmaloryne.com\/boutique\/wp-json\/wp\/v2\/types\/product"}],"wp:featuredmedia":[{"embeddable":true,"href":"https:\/\/www.sweetmaloryne.com\/boutique\/wp-json\/wp\/v2\/media\/54084"}],"wp:attachment":[{"href":"https:\/\/www.sweetmaloryne.com\/boutique\/wp-json\/wp\/v2\/media?parent=54083"}],"wp:term":[{"taxonomy":"product_brand","embeddable":true,"href":"https:\/\/www.sweetmaloryne.com\/boutique\/wp-json\/wp\/v2\/product_brand?post=54083"},{"taxonomy":"product_cat","embeddable":true,"href":"https:\/\/www.sweetmaloryne.com\/boutique\/wp-json\/wp\/v2\/product_cat?post=54083"},{"taxonomy":"product_tag","embeddable":true,"href":"https:\/\/www.sweetmaloryne.com\/boutique\/wp-json\/wp\/v2\/product_tag?post=54083"}],"curies":[{"name":"wp","href":"https:\/\/api.w.org\/{rel}","templated":true}]}}