{"id":54087,"date":"2026-04-30T10:19:58","date_gmt":"2026-04-30T08:19:58","guid":{"rendered":"https:\/\/www.sweetmaloryne.com\/boutique\/?post_type=product&#038;p=54087"},"modified":"2026-04-30T10:19:59","modified_gmt":"2026-04-30T08:19:59","slug":"toile-imprimee-highland-elegant-35x35cm","status":"publish","type":"product","link":"https:\/\/www.sweetmaloryne.com\/boutique\/produit\/toile-imprimee-highland-elegant-35x35cm\/","title":{"rendered":"Toile Imprim\u00e9e \u00ab\u00a0Highland \u00c9l\u00e9gant\u00a0\u00bb 35x35cm"},"content":{"rendered":"","protected":false},"excerpt":{"rendered":"<p>Toile imprim\u00e9e tendue sur ch\u00e2ssis<br \/>\nIl s&rsquo;agit d&rsquo;une impression sur toile repr\u00e9sentant une image en noir et blanc d&rsquo;un Highland<\/p>\n<p>L\u2019\u0153uvre a un aspect rustique et rural qui s\u2019int\u00e8gre bien dans une pi\u00e8ce moderne.<\/p>\n<p>L&rsquo;impression est tendue sur toile et pr\u00eate \u00e0 \u00eatre accroch\u00e9e.<\/p>\n<p>&nbsp;<\/p>\n","protected":false},"featured_media":54088,"template":"","meta":[],"product_brand":[],"product_cat":[27,19,658,67],"product_tag":[],"class_list":{"0":"post-54087","1":"product","2":"type-product","3":"status-publish","4":"has-post-thumbnail","6":"product_cat-deco-murale","7":"product_cat-decoration","8":"product_cat-nouveautes","9":"product_cat-toiles","10":"description-off","12":"first","13":"instock","14":"shipping-taxable","15":"purchasable","16":"product-type-simple"},"_links":{"self":[{"href":"https:\/\/www.sweetmaloryne.com\/boutique\/wp-json\/wp\/v2\/product\/54087","targetHints":{"allow":["GET"]}}],"collection":[{"href":"https:\/\/www.sweetmaloryne.com\/boutique\/wp-json\/wp\/v2\/product"}],"about":[{"href":"https:\/\/www.sweetmaloryne.com\/boutique\/wp-json\/wp\/v2\/types\/product"}],"wp:featuredmedia":[{"embeddable":true,"href":"https:\/\/www.sweetmaloryne.com\/boutique\/wp-json\/wp\/v2\/media\/54088"}],"wp:attachment":[{"href":"https:\/\/www.sweetmaloryne.com\/boutique\/wp-json\/wp\/v2\/media?parent=54087"}],"wp:term":[{"taxonomy":"product_brand","embeddable":true,"href":"https:\/\/www.sweetmaloryne.com\/boutique\/wp-json\/wp\/v2\/product_brand?post=54087"},{"taxonomy":"product_cat","embeddable":true,"href":"https:\/\/www.sweetmaloryne.com\/boutique\/wp-json\/wp\/v2\/product_cat?post=54087"},{"taxonomy":"product_tag","embeddable":true,"href":"https:\/\/www.sweetmaloryne.com\/boutique\/wp-json\/wp\/v2\/product_tag?post=54087"}],"curies":[{"name":"wp","href":"https:\/\/api.w.org\/{rel}","templated":true}]}}