{"id":54118,"date":"2026-04-24T14:31:37","date_gmt":"2026-04-24T12:31:37","guid":{"rendered":"https:\/\/www.sweetmaloryne.com\/boutique\/?post_type=product&#038;p=54118"},"modified":"2026-04-24T14:31:37","modified_gmt":"2026-04-24T12:31:37","slug":"cuillere-en-bois-de-hetre-tout-est-meilleure-quand-maman-cuisine","status":"publish","type":"product","link":"https:\/\/www.sweetmaloryne.com\/boutique\/produit\/cuillere-en-bois-de-hetre-tout-est-meilleure-quand-maman-cuisine\/","title":{"rendered":"Cuill\u00e8re en Bois de H\u00eatre \u00ab\u00a0Tout est Meilleure quand Maman Cuisine\u00a0\u00bb"},"content":{"rendered":"","protected":false},"excerpt":{"rendered":"<h4 class=\"ak-heading--4 ds-text-primary\" data-v-31657ff4=\"\" data-v-d3709afa=\"\">Description<\/h4>\n<div data-v-cbba9010=\"\" data-v-d3709afa=\"\">\n<div class=\"rich-description ds-text-base ds-text-neutral-900 gradient-ellipsis\" data-v-cbba9010=\"\">Accessoire indispensable de cuisine, cette cuill\u00e8re en bois sera votre alli\u00e9e pour concocter vos meilleurs plats.<\/div>\n<div class=\"rich-description ds-text-base ds-text-neutral-900 gradient-ellipsis\" data-v-cbba9010=\"\">Son charmant visuel rendra ce cadeau parfait \u00e0 offrir lors de la F\u00eate des M\u00e8res<\/div>\n<div data-v-cbba9010=\"\"><\/div>\n<\/div>\n<div class=\"description\" data-v-d3709afa=\"\">\n<div data-v-cbba9010=\"\" data-v-d3709afa=\"\">\n<div class=\"rich-description ds-text-base ds-text-neutral-900 text-collapsed gradient-ellipsis\" data-v-cbba9010=\"\">\n<div class=\"variant-shape-properties__section\" data-v-8468e13d=\"\">\n<p><strong data-v-8468e13d=\"\">Dimensions<\/strong><\/p>\n<div class=\"variant-shape-properties__table\" data-v-8468e13d=\"\">\n<div data-v-8468e13d=\"\">\n<div data-v-8468e13d=\"\">Longueur 33 cm<\/div>\n<\/div>\n<div data-v-8468e13d=\"\">\n<div data-v-8468e13d=\"\">Largeur 12 cm<\/div>\n<\/div>\n<div data-v-8468e13d=\"\">\n<div data-v-8468e13d=\"\">Hauteur 1.8 cm<\/div>\n<\/div>\n<\/div>\n<\/div>\n<div class=\"variant-shape-properties__section\" data-v-8468e13d=\"\">\n<p><strong data-v-8468e13d=\"\">Poids<\/strong><\/p>\n<p data-v-8468e13d=\"\">60 g<\/p>\n<\/div>\n<\/div>\n<\/div>\n<\/div>\n","protected":false},"featured_media":54121,"template":"","meta":[],"product_brand":[],"product_cat":[949,658],"product_tag":[],"class_list":{"0":"post-54118","1":"product","2":"type-product","3":"status-publish","4":"has-post-thumbnail","6":"product_cat-fetes-des-meres","7":"product_cat-nouveautes","8":"description-off","10":"first","11":"instock","12":"shipping-taxable","13":"purchasable","14":"product-type-simple"},"_links":{"self":[{"href":"https:\/\/www.sweetmaloryne.com\/boutique\/wp-json\/wp\/v2\/product\/54118","targetHints":{"allow":["GET"]}}],"collection":[{"href":"https:\/\/www.sweetmaloryne.com\/boutique\/wp-json\/wp\/v2\/product"}],"about":[{"href":"https:\/\/www.sweetmaloryne.com\/boutique\/wp-json\/wp\/v2\/types\/product"}],"wp:featuredmedia":[{"embeddable":true,"href":"https:\/\/www.sweetmaloryne.com\/boutique\/wp-json\/wp\/v2\/media\/54121"}],"wp:attachment":[{"href":"https:\/\/www.sweetmaloryne.com\/boutique\/wp-json\/wp\/v2\/media?parent=54118"}],"wp:term":[{"taxonomy":"product_brand","embeddable":true,"href":"https:\/\/www.sweetmaloryne.com\/boutique\/wp-json\/wp\/v2\/product_brand?post=54118"},{"taxonomy":"product_cat","embeddable":true,"href":"https:\/\/www.sweetmaloryne.com\/boutique\/wp-json\/wp\/v2\/product_cat?post=54118"},{"taxonomy":"product_tag","embeddable":true,"href":"https:\/\/www.sweetmaloryne.com\/boutique\/wp-json\/wp\/v2\/product_tag?post=54118"}],"curies":[{"name":"wp","href":"https:\/\/api.w.org\/{rel}","templated":true}]}}