{"id":54123,"date":"2026-04-24T14:31:37","date_gmt":"2026-04-24T12:31:37","guid":{"rendered":"https:\/\/www.sweetmaloryne.com\/boutique\/?post_type=product&#038;p=54123"},"modified":"2026-04-24T14:31:37","modified_gmt":"2026-04-24T12:31:37","slug":"ensemble-patisserie-pelle-a-tartes-et-couteau-les-delices-de-maman","status":"publish","type":"product","link":"https:\/\/www.sweetmaloryne.com\/boutique\/produit\/ensemble-patisserie-pelle-a-tartes-et-couteau-les-delices-de-maman\/","title":{"rendered":"Ensemble P\u00e2tisserie Pelle \u00e0 Tartes et Couteau \u00ab\u00a0Les D\u00e9lices de Maman\u00a0\u00bb"},"content":{"rendered":"","protected":false},"excerpt":{"rendered":"<h4 class=\"ak-heading--4 ds-text-primary\" data-v-31657ff4=\"\" data-v-d3709afa=\"\">Description<\/h4>\n<div data-v-cbba9010=\"\" data-v-d3709afa=\"\"><\/div>\n<div class=\"description\" data-v-d3709afa=\"\">\n<div data-v-cbba9010=\"\" data-v-d3709afa=\"\">\n<div class=\"rich-description ds-text-base ds-text-neutral-900 text-collapsed gradient-ellipsis\" data-v-cbba9010=\"\">\n<div class=\"variant-shape-properties__section\" data-v-8468e13d=\"\">\n<ul>\n<li>Acier inoxydable durable et esth\u00e9tique.<\/li>\n<li>Dimensions adapt\u00e9es: 23 cm.<\/li>\n<li>Pr\u00e9sent\u00e9 en coffret cadeau soign\u00e9.<\/li>\n<li>Fabrication locale, \u00e0 Toulouse, France.<\/li>\n<\/ul>\n<\/div>\n<\/div>\n<\/div>\n<\/div>\n","protected":false},"featured_media":54125,"template":"","meta":[],"product_brand":[],"product_cat":[949,658],"product_tag":[],"class_list":{"0":"post-54123","1":"product","2":"type-product","3":"status-publish","4":"has-post-thumbnail","6":"product_cat-fetes-des-meres","7":"product_cat-nouveautes","8":"description-off","10":"first","11":"instock","12":"shipping-taxable","13":"purchasable","14":"product-type-simple"},"_links":{"self":[{"href":"https:\/\/www.sweetmaloryne.com\/boutique\/wp-json\/wp\/v2\/product\/54123","targetHints":{"allow":["GET"]}}],"collection":[{"href":"https:\/\/www.sweetmaloryne.com\/boutique\/wp-json\/wp\/v2\/product"}],"about":[{"href":"https:\/\/www.sweetmaloryne.com\/boutique\/wp-json\/wp\/v2\/types\/product"}],"wp:featuredmedia":[{"embeddable":true,"href":"https:\/\/www.sweetmaloryne.com\/boutique\/wp-json\/wp\/v2\/media\/54125"}],"wp:attachment":[{"href":"https:\/\/www.sweetmaloryne.com\/boutique\/wp-json\/wp\/v2\/media?parent=54123"}],"wp:term":[{"taxonomy":"product_brand","embeddable":true,"href":"https:\/\/www.sweetmaloryne.com\/boutique\/wp-json\/wp\/v2\/product_brand?post=54123"},{"taxonomy":"product_cat","embeddable":true,"href":"https:\/\/www.sweetmaloryne.com\/boutique\/wp-json\/wp\/v2\/product_cat?post=54123"},{"taxonomy":"product_tag","embeddable":true,"href":"https:\/\/www.sweetmaloryne.com\/boutique\/wp-json\/wp\/v2\/product_tag?post=54123"}],"curies":[{"name":"wp","href":"https:\/\/api.w.org\/{rel}","templated":true}]}}