{"id":54141,"date":"2026-04-24T14:31:36","date_gmt":"2026-04-24T12:31:36","guid":{"rendered":"https:\/\/www.sweetmaloryne.com\/boutique\/?post_type=product&#038;p=54141"},"modified":"2026-04-24T14:31:36","modified_gmt":"2026-04-24T12:31:36","slug":"spatule-a-crepes-en-bois-de-hetre-maman-la-reine-des-crepes","status":"publish","type":"product","link":"https:\/\/www.sweetmaloryne.com\/boutique\/produit\/spatule-a-crepes-en-bois-de-hetre-maman-la-reine-des-crepes\/","title":{"rendered":"Spatule \u00e0 Cr\u00eapes en Bois de H\u00eatre \u00ab\u00a0Maman la Reine des Cr\u00eapes\u00a0\u00bb"},"content":{"rendered":"","protected":false},"excerpt":{"rendered":"<div class=\"variant-shape-properties__section\" data-v-8468e13d=\"\">\n<p><strong data-v-8468e13d=\"\">Dimensions<\/strong><\/p>\n<div class=\"variant-shape-properties__table\" data-v-8468e13d=\"\">\n<div data-v-8468e13d=\"\">\n<div data-v-8468e13d=\"\">Longueur 29 cm<\/div>\n<\/div>\n<div data-v-8468e13d=\"\">\n<div data-v-8468e13d=\"\">Largeur 6 cm<\/div>\n<\/div>\n<div data-v-8468e13d=\"\">\n<div data-v-8468e13d=\"\">Hauteur 0,5 cm<\/div>\n<\/div>\n<\/div>\n<\/div>\n<div class=\"variant-shape-properties__section\" data-v-8468e13d=\"\">\n<p><strong data-v-8468e13d=\"\">Poids<\/strong><\/p>\n<p data-v-8468e13d=\"\">30 g<\/p>\n<\/div>\n","protected":false},"featured_media":54146,"template":"","meta":[],"product_brand":[],"product_cat":[949,658],"product_tag":[],"class_list":{"0":"post-54141","1":"product","2":"type-product","3":"status-publish","4":"has-post-thumbnail","6":"product_cat-fetes-des-meres","7":"product_cat-nouveautes","8":"description-off","10":"first","11":"instock","12":"shipping-taxable","13":"purchasable","14":"product-type-simple"},"_links":{"self":[{"href":"https:\/\/www.sweetmaloryne.com\/boutique\/wp-json\/wp\/v2\/product\/54141","targetHints":{"allow":["GET"]}}],"collection":[{"href":"https:\/\/www.sweetmaloryne.com\/boutique\/wp-json\/wp\/v2\/product"}],"about":[{"href":"https:\/\/www.sweetmaloryne.com\/boutique\/wp-json\/wp\/v2\/types\/product"}],"wp:featuredmedia":[{"embeddable":true,"href":"https:\/\/www.sweetmaloryne.com\/boutique\/wp-json\/wp\/v2\/media\/54146"}],"wp:attachment":[{"href":"https:\/\/www.sweetmaloryne.com\/boutique\/wp-json\/wp\/v2\/media?parent=54141"}],"wp:term":[{"taxonomy":"product_brand","embeddable":true,"href":"https:\/\/www.sweetmaloryne.com\/boutique\/wp-json\/wp\/v2\/product_brand?post=54141"},{"taxonomy":"product_cat","embeddable":true,"href":"https:\/\/www.sweetmaloryne.com\/boutique\/wp-json\/wp\/v2\/product_cat?post=54141"},{"taxonomy":"product_tag","embeddable":true,"href":"https:\/\/www.sweetmaloryne.com\/boutique\/wp-json\/wp\/v2\/product_tag?post=54141"}],"curies":[{"name":"wp","href":"https:\/\/api.w.org\/{rel}","templated":true}]}}