{"id":54229,"date":"2026-04-21T18:45:32","date_gmt":"2026-04-21T16:45:32","guid":{"rendered":"https:\/\/www.sweetmaloryne.com\/boutique\/?post_type=product&#038;p=54229"},"modified":"2026-04-21T18:46:18","modified_gmt":"2026-04-21T16:46:18","slug":"bougeoir-en-bois-love-29x26x16cm","status":"publish","type":"product","link":"https:\/\/www.sweetmaloryne.com\/boutique\/produit\/bougeoir-en-bois-love-29x26x16cm\/","title":{"rendered":"Bougeoir en Bois \u00ab\u00a0Love\u00a0\u00bb 29x26x16cm"},"content":{"rendered":"","protected":false},"excerpt":{"rendered":"<p>Id\u00e9al pour cr\u00e9er une ambiance chaleureuse parfaite.<\/p>\n<p>Dot\u00e9 de bois brun naturel avec un design sculpt\u00e9 simple adapt\u00e9 \u00e0 tout type d&rsquo;int\u00e9rieur.<\/p>\n<p>Fait \u00e0 la main avec amour en Indon\u00e9sie par des artisans.<\/p>\n<p>Fabriqu\u00e9 avec une base solide et avec un petit espace sculpt\u00e9 pour une bougie chauffe-plat.<\/p>\n<p>Une fois la bougie allum\u00e9e et pos\u00e9e sur le bougeoir, le tout apportera une ambiance agr\u00e9able et chaleureuse.<\/p>\n","protected":false},"featured_media":54230,"template":"","meta":[],"product_brand":[],"product_cat":[19,45,39,658,23],"product_tag":[],"class_list":{"0":"post-54229","1":"product","2":"type-product","3":"status-publish","4":"has-post-thumbnail","6":"product_cat-decoration","7":"product_cat-lanternes-photophores","8":"product_cat-luminaires","9":"product_cat-nouveautes","10":"product_cat-objets-deco","11":"description-off","13":"first","14":"instock","15":"shipping-taxable","16":"purchasable","17":"product-type-simple"},"_links":{"self":[{"href":"https:\/\/www.sweetmaloryne.com\/boutique\/wp-json\/wp\/v2\/product\/54229","targetHints":{"allow":["GET"]}}],"collection":[{"href":"https:\/\/www.sweetmaloryne.com\/boutique\/wp-json\/wp\/v2\/product"}],"about":[{"href":"https:\/\/www.sweetmaloryne.com\/boutique\/wp-json\/wp\/v2\/types\/product"}],"wp:featuredmedia":[{"embeddable":true,"href":"https:\/\/www.sweetmaloryne.com\/boutique\/wp-json\/wp\/v2\/media\/54230"}],"wp:attachment":[{"href":"https:\/\/www.sweetmaloryne.com\/boutique\/wp-json\/wp\/v2\/media?parent=54229"}],"wp:term":[{"taxonomy":"product_brand","embeddable":true,"href":"https:\/\/www.sweetmaloryne.com\/boutique\/wp-json\/wp\/v2\/product_brand?post=54229"},{"taxonomy":"product_cat","embeddable":true,"href":"https:\/\/www.sweetmaloryne.com\/boutique\/wp-json\/wp\/v2\/product_cat?post=54229"},{"taxonomy":"product_tag","embeddable":true,"href":"https:\/\/www.sweetmaloryne.com\/boutique\/wp-json\/wp\/v2\/product_tag?post=54229"}],"curies":[{"name":"wp","href":"https:\/\/api.w.org\/{rel}","templated":true}]}}