{"id":54231,"date":"2026-04-21T18:48:16","date_gmt":"2026-04-21T16:48:16","guid":{"rendered":"https:\/\/www.sweetmaloryne.com\/boutique\/?post_type=product&#038;p=54231"},"modified":"2026-04-21T18:51:54","modified_gmt":"2026-04-21T16:51:54","slug":"lampe-star-twisted-impression-3d-usbc-3-modes-sur-socle-en-bois-21x10x10cm","status":"publish","type":"product","link":"https:\/\/www.sweetmaloryne.com\/boutique\/produit\/lampe-star-twisted-impression-3d-usbc-3-modes-sur-socle-en-bois-21x10x10cm\/","title":{"rendered":"Lampe \u00ab\u00a0Star Twisted\u00a0\u00bb Impression 3D, USB(C) 3 Modes, sur Socle en Bois 21x10x10cm"},"content":{"rendered":"","protected":false},"excerpt":{"rendered":"<p>Le mod\u00e8le Star Twisted mise sur le mouvement audacieux.<\/p>\n<p>Ses contours angulaires en forme d\u2019\u00e9toile se tordent de mani\u00e8re dynamique autour de la lampe, projetant des ombres et reflets saisissants lorsqu\u2019elle est allum\u00e9e.<\/p>\n<p>Cela cr\u00e9e une sensation d\u2019\u00e9nergie et de rythme.<\/p>\n<p><strong>Livr\u00e9es avec LED<\/strong>, <strong>c\u00e2ble et interrupteur<\/strong><\/p>\n<p><strong>Chaque pi\u00e8ce est imprim\u00e9e en 3D avec pr\u00e9cision et dot\u00e9e d\u2019un socle en bois naturel<\/strong>, alliant l\u2019attrait minimaliste \u00e0 la chaleur<\/p>\n","protected":false},"featured_media":54233,"template":"","meta":[],"product_brand":[],"product_cat":[19,63,39,658],"product_tag":[],"class_list":{"0":"post-54231","1":"product","2":"type-product","3":"status-publish","4":"has-post-thumbnail","6":"product_cat-decoration","7":"product_cat-lampes-a-poser","8":"product_cat-luminaires","9":"product_cat-nouveautes","10":"description-off","12":"first","13":"instock","14":"shipping-taxable","15":"purchasable","16":"product-type-simple"},"_links":{"self":[{"href":"https:\/\/www.sweetmaloryne.com\/boutique\/wp-json\/wp\/v2\/product\/54231","targetHints":{"allow":["GET"]}}],"collection":[{"href":"https:\/\/www.sweetmaloryne.com\/boutique\/wp-json\/wp\/v2\/product"}],"about":[{"href":"https:\/\/www.sweetmaloryne.com\/boutique\/wp-json\/wp\/v2\/types\/product"}],"wp:featuredmedia":[{"embeddable":true,"href":"https:\/\/www.sweetmaloryne.com\/boutique\/wp-json\/wp\/v2\/media\/54233"}],"wp:attachment":[{"href":"https:\/\/www.sweetmaloryne.com\/boutique\/wp-json\/wp\/v2\/media?parent=54231"}],"wp:term":[{"taxonomy":"product_brand","embeddable":true,"href":"https:\/\/www.sweetmaloryne.com\/boutique\/wp-json\/wp\/v2\/product_brand?post=54231"},{"taxonomy":"product_cat","embeddable":true,"href":"https:\/\/www.sweetmaloryne.com\/boutique\/wp-json\/wp\/v2\/product_cat?post=54231"},{"taxonomy":"product_tag","embeddable":true,"href":"https:\/\/www.sweetmaloryne.com\/boutique\/wp-json\/wp\/v2\/product_tag?post=54231"}],"curies":[{"name":"wp","href":"https:\/\/api.w.org\/{rel}","templated":true}]}}