{"id":54248,"date":"2026-04-22T17:55:18","date_gmt":"2026-04-22T15:55:18","guid":{"rendered":"https:\/\/www.sweetmaloryne.com\/boutique\/?post_type=product&#038;p=54248"},"modified":"2026-04-22T17:55:18","modified_gmt":"2026-04-22T15:55:18","slug":"bouquet-de-5-roses-anglaises-artificielles-real-touch-36cm","status":"publish","type":"product","link":"https:\/\/www.sweetmaloryne.com\/boutique\/produit\/bouquet-de-5-roses-anglaises-artificielles-real-touch-36cm\/","title":{"rendered":"Bouquet de 5 Roses Anglaises Artificielles \u00ab\u00a0Real Touch\u00a0\u00bb 36cm"},"content":{"rendered":"","protected":false},"excerpt":{"rendered":"<p>Il s&rsquo;agit d&rsquo;un bouquet de roses artificielles \u00e0 l&rsquo;aspect et au toucher r\u00e9aliste.<\/p>\n<p>Les roses ont une forme pleine et luxuriante avec des feuilles douces et d\u00e9licates.<\/p>\n<p>L&rsquo;association des tons rose et p\u00eache conf\u00e8re \u00e0 l&rsquo;ensemble un caract\u00e8re romantique.<\/p>\n","protected":false},"featured_media":54251,"template":"","meta":[],"product_brand":[],"product_cat":[19,658,23,657],"product_tag":[],"class_list":{"0":"post-54248","1":"product","2":"type-product","3":"status-publish","4":"has-post-thumbnail","6":"product_cat-decoration","7":"product_cat-nouveautes","8":"product_cat-objets-deco","9":"product_cat-pots-fleuristerie","10":"description-off","12":"first","13":"instock","14":"shipping-taxable","15":"purchasable","16":"product-type-simple"},"_links":{"self":[{"href":"https:\/\/www.sweetmaloryne.com\/boutique\/wp-json\/wp\/v2\/product\/54248","targetHints":{"allow":["GET"]}}],"collection":[{"href":"https:\/\/www.sweetmaloryne.com\/boutique\/wp-json\/wp\/v2\/product"}],"about":[{"href":"https:\/\/www.sweetmaloryne.com\/boutique\/wp-json\/wp\/v2\/types\/product"}],"wp:featuredmedia":[{"embeddable":true,"href":"https:\/\/www.sweetmaloryne.com\/boutique\/wp-json\/wp\/v2\/media\/54251"}],"wp:attachment":[{"href":"https:\/\/www.sweetmaloryne.com\/boutique\/wp-json\/wp\/v2\/media?parent=54248"}],"wp:term":[{"taxonomy":"product_brand","embeddable":true,"href":"https:\/\/www.sweetmaloryne.com\/boutique\/wp-json\/wp\/v2\/product_brand?post=54248"},{"taxonomy":"product_cat","embeddable":true,"href":"https:\/\/www.sweetmaloryne.com\/boutique\/wp-json\/wp\/v2\/product_cat?post=54248"},{"taxonomy":"product_tag","embeddable":true,"href":"https:\/\/www.sweetmaloryne.com\/boutique\/wp-json\/wp\/v2\/product_tag?post=54248"}],"curies":[{"name":"wp","href":"https:\/\/api.w.org\/{rel}","templated":true}]}}