{"id":54252,"date":"2026-04-22T17:56:14","date_gmt":"2026-04-22T15:56:14","guid":{"rendered":"https:\/\/www.sweetmaloryne.com\/boutique\/?post_type=product&#038;p=54252"},"modified":"2026-04-22T17:58:51","modified_gmt":"2026-04-22T15:58:51","slug":"bouquet-de-pivoines-artificielles-real-touch-30cm","status":"publish","type":"product","link":"https:\/\/www.sweetmaloryne.com\/boutique\/produit\/bouquet-de-pivoines-artificielles-real-touch-30cm\/","title":{"rendered":"Bouquet de Pivoines Artificielles \u00ab\u00a0Real Touch\u00a0\u00bb 30cm"},"content":{"rendered":"","protected":false},"excerpt":{"rendered":"<p>Ce bouquet se compose d&rsquo;un m\u00e9lange de pivoines, d&rsquo;hortensia et de boutons de lotus \u00e0 l&rsquo;aspect et au toucher r\u00e9aliste<\/p>\n<p>Les fleurs ont une apparence r\u00e9aliste, ce qui les rend presque impossibles \u00e0 distinguer des vraies<\/p>\n<p>&nbsp;<\/p>\n","protected":false},"featured_media":54253,"template":"","meta":[],"product_brand":[],"product_cat":[19,658,23,657],"product_tag":[],"class_list":{"0":"post-54252","1":"product","2":"type-product","3":"status-publish","4":"has-post-thumbnail","6":"product_cat-decoration","7":"product_cat-nouveautes","8":"product_cat-objets-deco","9":"product_cat-pots-fleuristerie","10":"description-off","12":"first","13":"instock","14":"shipping-taxable","15":"purchasable","16":"product-type-simple"},"_links":{"self":[{"href":"https:\/\/www.sweetmaloryne.com\/boutique\/wp-json\/wp\/v2\/product\/54252","targetHints":{"allow":["GET"]}}],"collection":[{"href":"https:\/\/www.sweetmaloryne.com\/boutique\/wp-json\/wp\/v2\/product"}],"about":[{"href":"https:\/\/www.sweetmaloryne.com\/boutique\/wp-json\/wp\/v2\/types\/product"}],"wp:featuredmedia":[{"embeddable":true,"href":"https:\/\/www.sweetmaloryne.com\/boutique\/wp-json\/wp\/v2\/media\/54253"}],"wp:attachment":[{"href":"https:\/\/www.sweetmaloryne.com\/boutique\/wp-json\/wp\/v2\/media?parent=54252"}],"wp:term":[{"taxonomy":"product_brand","embeddable":true,"href":"https:\/\/www.sweetmaloryne.com\/boutique\/wp-json\/wp\/v2\/product_brand?post=54252"},{"taxonomy":"product_cat","embeddable":true,"href":"https:\/\/www.sweetmaloryne.com\/boutique\/wp-json\/wp\/v2\/product_cat?post=54252"},{"taxonomy":"product_tag","embeddable":true,"href":"https:\/\/www.sweetmaloryne.com\/boutique\/wp-json\/wp\/v2\/product_tag?post=54252"}],"curies":[{"name":"wp","href":"https:\/\/api.w.org\/{rel}","templated":true}]}}