{"id":54273,"date":"2026-04-24T13:53:32","date_gmt":"2026-04-24T11:53:32","guid":{"rendered":"https:\/\/www.sweetmaloryne.com\/boutique\/?post_type=product&#038;p=54273"},"modified":"2026-04-24T13:53:32","modified_gmt":"2026-04-24T11:53:32","slug":"pendentif-nichoir-doiseaux-outils-de-jardin-2-modeles-au-choix-h-55cm","status":"publish","type":"product","link":"https:\/\/www.sweetmaloryne.com\/boutique\/produit\/pendentif-nichoir-doiseaux-outils-de-jardin-2-modeles-au-choix-h-55cm\/","title":{"rendered":"Pendentif Nichoir d&rsquo;Oiseaux \u00ab\u00a0Outils de Jardin\u00a0\u00bb 2 Mod\u00e8les au Choix H.55cm"},"content":{"rendered":"","protected":false},"excerpt":{"rendered":"<p>Nichoir \u00e0 oiseaux pour outils de jardin, \u00a02 Mod\u00e8les au choix:<br \/>\n10,5x10xH54cm \/ 15x8xH55cm<br \/>\nrouille<br \/>\nFer<\/p>\n<p>Ce nichoir est fabriqu\u00e9 en fer inoxydable et pr\u00e9sente un design pratique. Il est livr\u00e9 avec des \u00e9l\u00e9ments d&rsquo;outils de jardin assortis que vous pouvez utiliser ou accrocher comme d\u00e9coration.<\/p>\n<p>La maison peut \u00eatre accroch\u00e9e dans votre jardin et offre aux oiseaux un endroit o\u00f9 nicher. La construction est robuste et durable, elle peut donc r\u00e9sister \u00e0 diverses conditions m\u00e9t\u00e9orologiques<\/p>\n","protected":false},"featured_media":54274,"template":"","meta":[],"product_brand":[],"product_cat":[19,40,880,53,885],"product_tag":[],"class_list":{"0":"post-54273","1":"product","2":"type-product","3":"status-publish","4":"has-post-thumbnail","6":"product_cat-decoration","7":"product_cat-jardin","8":"product_cat-nichoir","9":"product_cat-pendentifs","10":"product_cat-suspension-decorative","11":"description-off","13":"first","14":"instock","15":"shipping-taxable","16":"purchasable","17":"product-type-simple"},"_links":{"self":[{"href":"https:\/\/www.sweetmaloryne.com\/boutique\/wp-json\/wp\/v2\/product\/54273","targetHints":{"allow":["GET"]}}],"collection":[{"href":"https:\/\/www.sweetmaloryne.com\/boutique\/wp-json\/wp\/v2\/product"}],"about":[{"href":"https:\/\/www.sweetmaloryne.com\/boutique\/wp-json\/wp\/v2\/types\/product"}],"wp:featuredmedia":[{"embeddable":true,"href":"https:\/\/www.sweetmaloryne.com\/boutique\/wp-json\/wp\/v2\/media\/54274"}],"wp:attachment":[{"href":"https:\/\/www.sweetmaloryne.com\/boutique\/wp-json\/wp\/v2\/media?parent=54273"}],"wp:term":[{"taxonomy":"product_brand","embeddable":true,"href":"https:\/\/www.sweetmaloryne.com\/boutique\/wp-json\/wp\/v2\/product_brand?post=54273"},{"taxonomy":"product_cat","embeddable":true,"href":"https:\/\/www.sweetmaloryne.com\/boutique\/wp-json\/wp\/v2\/product_cat?post=54273"},{"taxonomy":"product_tag","embeddable":true,"href":"https:\/\/www.sweetmaloryne.com\/boutique\/wp-json\/wp\/v2\/product_tag?post=54273"}],"curies":[{"name":"wp","href":"https:\/\/api.w.org\/{rel}","templated":true}]}}