{"id":54275,"date":"2026-04-24T13:53:32","date_gmt":"2026-04-24T11:53:32","guid":{"rendered":"https:\/\/www.sweetmaloryne.com\/boutique\/?post_type=product&#038;p=54275"},"modified":"2026-04-24T13:53:32","modified_gmt":"2026-04-24T11:53:32","slug":"nichoir-doiseaux-theiere-2-couleurs-au-choix-26x21xh15cm-chaine-40cm","status":"publish","type":"product","link":"https:\/\/www.sweetmaloryne.com\/boutique\/produit\/nichoir-doiseaux-theiere-2-couleurs-au-choix-26x21xh15cm-chaine-40cm\/","title":{"rendered":"Nichoir d&rsquo;Oiseaux \u00ab\u00a0Th\u00e9i\u00e8re\u00a0\u00bb 2 Couleurs au Choix 26x21xH15cm + Cha\u00eene 40cm"},"content":{"rendered":"","protected":false},"excerpt":{"rendered":"<p>Ce Nichoir est fabriqu\u00e9 en m\u00e9tal et est disponible en vert et bordeaux.<\/p>\n<p>La maison est suspendue \u00e0 une cha\u00eene, vous pouvez donc facilement l&rsquo;accrocher dans votre jardin.<\/p>\n<p>Il offre aux oiseaux un endroit s\u00fbr pour nicher et s&rsquo;abriter.<\/p>\n<p>Parfait pour ceux qui aiment observer les oiseaux et souhaitent rapprocher la nature de leur propre jardin<\/p>\n","protected":false},"featured_media":54276,"template":"","meta":[],"product_brand":[],"product_cat":[19,40,880],"product_tag":[],"class_list":{"0":"post-54275","1":"product","2":"type-product","3":"status-publish","4":"has-post-thumbnail","6":"product_cat-decoration","7":"product_cat-jardin","8":"product_cat-nichoir","9":"description-off","11":"first","12":"instock","13":"shipping-taxable","14":"purchasable","15":"product-type-simple"},"_links":{"self":[{"href":"https:\/\/www.sweetmaloryne.com\/boutique\/wp-json\/wp\/v2\/product\/54275","targetHints":{"allow":["GET"]}}],"collection":[{"href":"https:\/\/www.sweetmaloryne.com\/boutique\/wp-json\/wp\/v2\/product"}],"about":[{"href":"https:\/\/www.sweetmaloryne.com\/boutique\/wp-json\/wp\/v2\/types\/product"}],"wp:featuredmedia":[{"embeddable":true,"href":"https:\/\/www.sweetmaloryne.com\/boutique\/wp-json\/wp\/v2\/media\/54276"}],"wp:attachment":[{"href":"https:\/\/www.sweetmaloryne.com\/boutique\/wp-json\/wp\/v2\/media?parent=54275"}],"wp:term":[{"taxonomy":"product_brand","embeddable":true,"href":"https:\/\/www.sweetmaloryne.com\/boutique\/wp-json\/wp\/v2\/product_brand?post=54275"},{"taxonomy":"product_cat","embeddable":true,"href":"https:\/\/www.sweetmaloryne.com\/boutique\/wp-json\/wp\/v2\/product_cat?post=54275"},{"taxonomy":"product_tag","embeddable":true,"href":"https:\/\/www.sweetmaloryne.com\/boutique\/wp-json\/wp\/v2\/product_tag?post=54275"}],"curies":[{"name":"wp","href":"https:\/\/api.w.org\/{rel}","templated":true}]}}