{"id":54277,"date":"2026-04-24T13:53:32","date_gmt":"2026-04-24T11:53:32","guid":{"rendered":"https:\/\/www.sweetmaloryne.com\/boutique\/?post_type=product&#038;p=54277"},"modified":"2026-04-24T13:53:32","modified_gmt":"2026-04-24T11:53:32","slug":"pendentif-theiere-avec-clochette-2-modeles-au-choix-225x11xh33cm-chaine-20cm","status":"publish","type":"product","link":"https:\/\/www.sweetmaloryne.com\/boutique\/produit\/pendentif-theiere-avec-clochette-2-modeles-au-choix-225x11xh33cm-chaine-20cm\/","title":{"rendered":"Pendentif \u00ab\u00a0Th\u00e9i\u00e8re\u00a0\u00bb avec Clochette 2 Mod\u00e8les au Choix 22,5x11xH33cm + Cha\u00eene 20cm"},"content":{"rendered":"","protected":false},"excerpt":{"rendered":"<p>Il s&rsquo;agit d&rsquo;un objet d\u00e9coratif \u00e0 suspendre en forme de th\u00e9i\u00e8re avec une \u00e9toile dessus.<\/p>\n<p>La pi\u00e8ce est en fer inoxydable et pr\u00e9sente un aspect rustique qui convient \u00e0 un int\u00e9rieur rural.<\/p>\n<p>Vous pouvez accrocher l&rsquo;objet et l&rsquo;utiliser comme d\u00e9coration.<\/p>\n<p>Le mat\u00e9riau et le design conf\u00e8rent \u00e0 votre espace une atmosph\u00e8re authentique et naturelle.<\/p>\n","protected":false},"featured_media":54279,"template":"","meta":[],"product_brand":[],"product_cat":[19,40,53,885],"product_tag":[],"class_list":{"0":"post-54277","1":"product","2":"type-product","3":"status-publish","4":"has-post-thumbnail","6":"product_cat-decoration","7":"product_cat-jardin","8":"product_cat-pendentifs","9":"product_cat-suspension-decorative","10":"description-off","12":"first","13":"instock","14":"shipping-taxable","15":"purchasable","16":"product-type-simple"},"_links":{"self":[{"href":"https:\/\/www.sweetmaloryne.com\/boutique\/wp-json\/wp\/v2\/product\/54277","targetHints":{"allow":["GET"]}}],"collection":[{"href":"https:\/\/www.sweetmaloryne.com\/boutique\/wp-json\/wp\/v2\/product"}],"about":[{"href":"https:\/\/www.sweetmaloryne.com\/boutique\/wp-json\/wp\/v2\/types\/product"}],"wp:featuredmedia":[{"embeddable":true,"href":"https:\/\/www.sweetmaloryne.com\/boutique\/wp-json\/wp\/v2\/media\/54279"}],"wp:attachment":[{"href":"https:\/\/www.sweetmaloryne.com\/boutique\/wp-json\/wp\/v2\/media?parent=54277"}],"wp:term":[{"taxonomy":"product_brand","embeddable":true,"href":"https:\/\/www.sweetmaloryne.com\/boutique\/wp-json\/wp\/v2\/product_brand?post=54277"},{"taxonomy":"product_cat","embeddable":true,"href":"https:\/\/www.sweetmaloryne.com\/boutique\/wp-json\/wp\/v2\/product_cat?post=54277"},{"taxonomy":"product_tag","embeddable":true,"href":"https:\/\/www.sweetmaloryne.com\/boutique\/wp-json\/wp\/v2\/product_tag?post=54277"}],"curies":[{"name":"wp","href":"https:\/\/api.w.org\/{rel}","templated":true}]}}