{"id":54284,"date":"2026-04-24T13:53:32","date_gmt":"2026-04-24T11:53:32","guid":{"rendered":"https:\/\/www.sweetmaloryne.com\/boutique\/?post_type=product&#038;p=54284"},"modified":"2026-04-24T13:53:32","modified_gmt":"2026-04-24T11:53:32","slug":"nichoir-caravane-vintage-en-metal-33x14xh23cm-chaine-44cm","status":"publish","type":"product","link":"https:\/\/www.sweetmaloryne.com\/boutique\/produit\/nichoir-caravane-vintage-en-metal-33x14xh23cm-chaine-44cm\/","title":{"rendered":"Nichoir Caravane Vintage en M\u00e9tal 33x14xH23cm + Cha\u00eene 44cm"},"content":{"rendered":"","protected":false},"excerpt":{"rendered":"<p>Il s&rsquo;agit d&rsquo;un nichoir d\u00e9coratif en forme de caravane vintage.<\/p>\n<p>La pi\u00e8ce est en fer et a un aspect gris-noir avec un look vintage rouge vieilli.<\/p>\n<p>La maison est livr\u00e9e avec une cha\u00eene et un crochet, vous pouvez donc l&rsquo;accrocher facilement dans votre jardin.<\/p>\n<p>Il donne \u00e0 votre espace ext\u00e9rieur un charme rustique et rural et ajoute un \u00e9l\u00e9ment ludique \u00e0 la d\u00e9coration de votre jardin<\/p>\n","protected":false},"featured_media":54285,"template":"","meta":[],"product_brand":[],"product_cat":[19,40,880],"product_tag":[],"class_list":{"0":"post-54284","1":"product","2":"type-product","3":"status-publish","4":"has-post-thumbnail","6":"product_cat-decoration","7":"product_cat-jardin","8":"product_cat-nichoir","9":"description-off","11":"first","12":"instock","13":"shipping-taxable","14":"purchasable","15":"product-type-simple"},"_links":{"self":[{"href":"https:\/\/www.sweetmaloryne.com\/boutique\/wp-json\/wp\/v2\/product\/54284","targetHints":{"allow":["GET"]}}],"collection":[{"href":"https:\/\/www.sweetmaloryne.com\/boutique\/wp-json\/wp\/v2\/product"}],"about":[{"href":"https:\/\/www.sweetmaloryne.com\/boutique\/wp-json\/wp\/v2\/types\/product"}],"wp:featuredmedia":[{"embeddable":true,"href":"https:\/\/www.sweetmaloryne.com\/boutique\/wp-json\/wp\/v2\/media\/54285"}],"wp:attachment":[{"href":"https:\/\/www.sweetmaloryne.com\/boutique\/wp-json\/wp\/v2\/media?parent=54284"}],"wp:term":[{"taxonomy":"product_brand","embeddable":true,"href":"https:\/\/www.sweetmaloryne.com\/boutique\/wp-json\/wp\/v2\/product_brand?post=54284"},{"taxonomy":"product_cat","embeddable":true,"href":"https:\/\/www.sweetmaloryne.com\/boutique\/wp-json\/wp\/v2\/product_cat?post=54284"},{"taxonomy":"product_tag","embeddable":true,"href":"https:\/\/www.sweetmaloryne.com\/boutique\/wp-json\/wp\/v2\/product_tag?post=54284"}],"curies":[{"name":"wp","href":"https:\/\/api.w.org\/{rel}","templated":true}]}}