{"id":54286,"date":"2026-04-24T13:53:32","date_gmt":"2026-04-24T11:53:32","guid":{"rendered":"https:\/\/www.sweetmaloryne.com\/boutique\/?post_type=product&#038;p=54286"},"modified":"2026-04-24T13:53:32","modified_gmt":"2026-04-24T11:53:32","slug":"lanterne-solaire-tressee-o205xh255cm-anse-18cm","status":"publish","type":"product","link":"https:\/\/www.sweetmaloryne.com\/boutique\/produit\/lanterne-solaire-tressee-o205xh255cm-anse-18cm\/","title":{"rendered":"Lanterne Solaire Tress\u00e9e \u00f820,5xH25,5cm + Anse 18cm"},"content":{"rendered":"","protected":false},"excerpt":{"rendered":"<p>Il s&rsquo;agit d&rsquo;une lanterne solaire avec \u00e9clairage LED, en poly\u00e9thyl\u00e8ne de couleur marron naturel.<\/p>\n<p>Il pr\u00e9sente une structure tress\u00e9e rappelant le travail du rotin.<\/p>\n<p>La lanterne convient \u00e0 une utilisation en ext\u00e9rieur et peut \u00eatre suspendue gr\u00e2ce \u00e0 la poign\u00e9e fournie.<\/p>\n<p>La lampe fonctionne \u00e0 l&rsquo;\u00e9nergie solaire, vous n&rsquo;avez donc pas besoin de c\u00e2ble d&rsquo;alimentation.<\/p>\n<p>Parfait pour votre jardin, balcon ou terrasse.<\/p>\n","protected":false},"featured_media":54288,"template":"","meta":[],"product_brand":[],"product_cat":[19,40,887,45,39,860],"product_tag":[],"class_list":{"0":"post-54286","1":"product","2":"type-product","3":"status-publish","4":"has-post-thumbnail","6":"product_cat-decoration","7":"product_cat-jardin","8":"product_cat-lanterne-photophore","9":"product_cat-lanternes-photophores","10":"product_cat-luminaires","11":"product_cat-solaires","12":"description-off","14":"first","15":"instock","16":"shipping-taxable","17":"purchasable","18":"product-type-simple"},"_links":{"self":[{"href":"https:\/\/www.sweetmaloryne.com\/boutique\/wp-json\/wp\/v2\/product\/54286","targetHints":{"allow":["GET"]}}],"collection":[{"href":"https:\/\/www.sweetmaloryne.com\/boutique\/wp-json\/wp\/v2\/product"}],"about":[{"href":"https:\/\/www.sweetmaloryne.com\/boutique\/wp-json\/wp\/v2\/types\/product"}],"wp:featuredmedia":[{"embeddable":true,"href":"https:\/\/www.sweetmaloryne.com\/boutique\/wp-json\/wp\/v2\/media\/54288"}],"wp:attachment":[{"href":"https:\/\/www.sweetmaloryne.com\/boutique\/wp-json\/wp\/v2\/media?parent=54286"}],"wp:term":[{"taxonomy":"product_brand","embeddable":true,"href":"https:\/\/www.sweetmaloryne.com\/boutique\/wp-json\/wp\/v2\/product_brand?post=54286"},{"taxonomy":"product_cat","embeddable":true,"href":"https:\/\/www.sweetmaloryne.com\/boutique\/wp-json\/wp\/v2\/product_cat?post=54286"},{"taxonomy":"product_tag","embeddable":true,"href":"https:\/\/www.sweetmaloryne.com\/boutique\/wp-json\/wp\/v2\/product_tag?post=54286"}],"curies":[{"name":"wp","href":"https:\/\/api.w.org\/{rel}","templated":true}]}}