{"id":54289,"date":"2026-04-24T13:53:32","date_gmt":"2026-04-24T11:53:32","guid":{"rendered":"https:\/\/www.sweetmaloryne.com\/boutique\/?post_type=product&#038;p=54289"},"modified":"2026-04-24T13:53:32","modified_gmt":"2026-04-24T11:53:32","slug":"fleur-en-ciment-brun-et-or-215x45cm","status":"publish","type":"product","link":"https:\/\/www.sweetmaloryne.com\/boutique\/produit\/fleur-en-ciment-brun-et-or-215x45cm\/","title":{"rendered":"Fleur en Ciment Brun et Or 21,5&#215;4,5cm"},"content":{"rendered":"","protected":false},"excerpt":{"rendered":"<p>Il s&rsquo;agit d&rsquo;une fleur au look rustique.<\/p>\n<p>La pi\u00e8ce est faite de ciment et pr\u00e9sente une combinaison de couleurs chaudes et naturelles.<\/p>\n<p>La finition patin\u00e9e lui conf\u00e8re un caract\u00e8re authentique qui s&rsquo;int\u00e8gre bien dans un jardin.<\/p>\n","protected":false},"featured_media":54290,"template":"","meta":[],"product_brand":[],"product_cat":[19,40,23,890,888],"product_tag":[],"class_list":{"0":"post-54289","1":"product","2":"type-product","3":"status-publish","4":"has-post-thumbnail","6":"product_cat-decoration","7":"product_cat-jardin","8":"product_cat-objets-deco","9":"product_cat-ornement-a-poser-jardin","10":"product_cat-ornement-a-poser","11":"description-off","13":"first","14":"instock","15":"shipping-taxable","16":"purchasable","17":"product-type-simple"},"_links":{"self":[{"href":"https:\/\/www.sweetmaloryne.com\/boutique\/wp-json\/wp\/v2\/product\/54289","targetHints":{"allow":["GET"]}}],"collection":[{"href":"https:\/\/www.sweetmaloryne.com\/boutique\/wp-json\/wp\/v2\/product"}],"about":[{"href":"https:\/\/www.sweetmaloryne.com\/boutique\/wp-json\/wp\/v2\/types\/product"}],"wp:featuredmedia":[{"embeddable":true,"href":"https:\/\/www.sweetmaloryne.com\/boutique\/wp-json\/wp\/v2\/media\/54290"}],"wp:attachment":[{"href":"https:\/\/www.sweetmaloryne.com\/boutique\/wp-json\/wp\/v2\/media?parent=54289"}],"wp:term":[{"taxonomy":"product_brand","embeddable":true,"href":"https:\/\/www.sweetmaloryne.com\/boutique\/wp-json\/wp\/v2\/product_brand?post=54289"},{"taxonomy":"product_cat","embeddable":true,"href":"https:\/\/www.sweetmaloryne.com\/boutique\/wp-json\/wp\/v2\/product_cat?post=54289"},{"taxonomy":"product_tag","embeddable":true,"href":"https:\/\/www.sweetmaloryne.com\/boutique\/wp-json\/wp\/v2\/product_tag?post=54289"}],"curies":[{"name":"wp","href":"https:\/\/api.w.org\/{rel}","templated":true}]}}