{"id":54291,"date":"2026-04-24T13:53:32","date_gmt":"2026-04-24T11:53:32","guid":{"rendered":"https:\/\/www.sweetmaloryne.com\/boutique\/?post_type=product&#038;p=54291"},"modified":"2026-04-24T13:53:32","modified_gmt":"2026-04-24T11:53:32","slug":"bouquet-de-roses-en-ciment-beige-et-or-15x15xh-14cm","status":"publish","type":"product","link":"https:\/\/www.sweetmaloryne.com\/boutique\/produit\/bouquet-de-roses-en-ciment-beige-et-or-15x15xh-14cm\/","title":{"rendered":"Bouquet de Roses en Ciment Beige et Or 15x15xH.14cm"},"content":{"rendered":"","protected":false},"excerpt":{"rendered":"<p>Ce bouquet de Roses est r\u00e9alis\u00e9 en ciment et pr\u00e9sente un aspect chaleureux et naturel avec ses tons beige et dor\u00e9.<\/p>\n<p>Il apporte un \u00e9l\u00e9ment botanique \u00e0 votre jardin et s&rsquo;int\u00e8gre bien dans une ambiance champ\u00eatre.<\/p>\n<p>La finition patin\u00e9e lui permet de s&rsquo;int\u00e9grer parfaitement dans un espace ext\u00e9rieur et lui donne un aspect rustique et naturel<\/p>\n","protected":false},"featured_media":54292,"template":"","meta":[],"product_brand":[],"product_cat":[19,40,23,890,888],"product_tag":[],"class_list":{"0":"post-54291","1":"product","2":"type-product","3":"status-publish","4":"has-post-thumbnail","6":"product_cat-decoration","7":"product_cat-jardin","8":"product_cat-objets-deco","9":"product_cat-ornement-a-poser-jardin","10":"product_cat-ornement-a-poser","11":"description-off","13":"first","14":"instock","15":"shipping-taxable","16":"purchasable","17":"product-type-simple"},"_links":{"self":[{"href":"https:\/\/www.sweetmaloryne.com\/boutique\/wp-json\/wp\/v2\/product\/54291","targetHints":{"allow":["GET"]}}],"collection":[{"href":"https:\/\/www.sweetmaloryne.com\/boutique\/wp-json\/wp\/v2\/product"}],"about":[{"href":"https:\/\/www.sweetmaloryne.com\/boutique\/wp-json\/wp\/v2\/types\/product"}],"wp:featuredmedia":[{"embeddable":true,"href":"https:\/\/www.sweetmaloryne.com\/boutique\/wp-json\/wp\/v2\/media\/54292"}],"wp:attachment":[{"href":"https:\/\/www.sweetmaloryne.com\/boutique\/wp-json\/wp\/v2\/media?parent=54291"}],"wp:term":[{"taxonomy":"product_brand","embeddable":true,"href":"https:\/\/www.sweetmaloryne.com\/boutique\/wp-json\/wp\/v2\/product_brand?post=54291"},{"taxonomy":"product_cat","embeddable":true,"href":"https:\/\/www.sweetmaloryne.com\/boutique\/wp-json\/wp\/v2\/product_cat?post=54291"},{"taxonomy":"product_tag","embeddable":true,"href":"https:\/\/www.sweetmaloryne.com\/boutique\/wp-json\/wp\/v2\/product_tag?post=54291"}],"curies":[{"name":"wp","href":"https:\/\/api.w.org\/{rel}","templated":true}]}}