{"id":54314,"date":"2026-04-23T16:00:13","date_gmt":"2026-04-23T14:00:13","guid":{"rendered":"https:\/\/www.sweetmaloryne.com\/boutique\/?post_type=product&#038;p=54314"},"modified":"2026-04-23T16:02:29","modified_gmt":"2026-04-23T14:02:29","slug":"coeur-decoratif-en-metal-rouille-et-bois-depicea-flamme-25xh-55cm","status":"publish","type":"product","link":"https:\/\/www.sweetmaloryne.com\/boutique\/produit\/coeur-decoratif-en-metal-rouille-et-bois-depicea-flamme-25xh-55cm\/","title":{"rendered":"Coeur D\u00e9coratif en M\u00e9tal Rouill\u00e9 et Bois d&rsquo;Epic\u00e9a Flamm\u00e9 25xH.55cm"},"content":{"rendered":"","protected":false},"excerpt":{"rendered":"","protected":false},"featured_media":54316,"template":"","meta":[],"product_brand":[],"product_cat":[19,40,658,23,890,883],"product_tag":[],"class_list":{"0":"post-54314","1":"product","2":"type-product","3":"status-publish","4":"has-post-thumbnail","6":"product_cat-decoration","7":"product_cat-jardin","8":"product_cat-nouveautes","9":"product_cat-objets-deco","10":"product_cat-ornement-a-poser-jardin","11":"product_cat-ornement-en-corten-a-poser","12":"description-off","14":"first","15":"instock","16":"shipping-taxable","17":"purchasable","18":"product-type-simple"},"_links":{"self":[{"href":"https:\/\/www.sweetmaloryne.com\/boutique\/wp-json\/wp\/v2\/product\/54314","targetHints":{"allow":["GET"]}}],"collection":[{"href":"https:\/\/www.sweetmaloryne.com\/boutique\/wp-json\/wp\/v2\/product"}],"about":[{"href":"https:\/\/www.sweetmaloryne.com\/boutique\/wp-json\/wp\/v2\/types\/product"}],"wp:featuredmedia":[{"embeddable":true,"href":"https:\/\/www.sweetmaloryne.com\/boutique\/wp-json\/wp\/v2\/media\/54316"}],"wp:attachment":[{"href":"https:\/\/www.sweetmaloryne.com\/boutique\/wp-json\/wp\/v2\/media?parent=54314"}],"wp:term":[{"taxonomy":"product_brand","embeddable":true,"href":"https:\/\/www.sweetmaloryne.com\/boutique\/wp-json\/wp\/v2\/product_brand?post=54314"},{"taxonomy":"product_cat","embeddable":true,"href":"https:\/\/www.sweetmaloryne.com\/boutique\/wp-json\/wp\/v2\/product_cat?post=54314"},{"taxonomy":"product_tag","embeddable":true,"href":"https:\/\/www.sweetmaloryne.com\/boutique\/wp-json\/wp\/v2\/product_tag?post=54314"}],"curies":[{"name":"wp","href":"https:\/\/api.w.org\/{rel}","templated":true}]}}