{"id":54559,"date":"2026-05-09T10:19:01","date_gmt":"2026-05-09T08:19:01","guid":{"rendered":"https:\/\/www.sweetmaloryne.com\/boutique\/?post_type=product&#038;p=54559"},"modified":"2026-05-09T10:19:01","modified_gmt":"2026-05-09T08:19:01","slug":"attrape-soleil-en-cristal-damethyste-h-41cm","status":"publish","type":"product","link":"https:\/\/www.sweetmaloryne.com\/boutique\/produit\/attrape-soleil-en-cristal-damethyste-h-41cm\/","title":{"rendered":"Attrape-Soleil  en Cristal d&rsquo;Am\u00e9thyste H.41cm"},"content":{"rendered":"","protected":false},"excerpt":{"rendered":"<p>Ajoutez une explosion de couleur et une \u00e9nergie apaisante \u00e0 votre espace avec le Suncatcher Cristal Am\u00e9thyste \ud83d\udc9c\u2728<\/p>\n<p>Un attrape-soleil suspendu radiant con\u00e7u pour transformer la lumi\u00e8re naturelle en une d\u00e9coration arc-en-ciel apaisante qui illumine instantan\u00e9ment l&rsquo;\u00e9nergie de la pi\u00e8ce.<\/p>\n","protected":false},"featured_media":54561,"template":"","meta":[],"product_brand":[],"product_cat":[19,658,53],"product_tag":[],"class_list":{"0":"post-54559","1":"product","2":"type-product","3":"status-publish","4":"has-post-thumbnail","6":"product_cat-decoration","7":"product_cat-nouveautes","8":"product_cat-pendentifs","9":"description-off","11":"first","12":"instock","13":"shipping-taxable","14":"purchasable","15":"product-type-simple"},"_links":{"self":[{"href":"https:\/\/www.sweetmaloryne.com\/boutique\/wp-json\/wp\/v2\/product\/54559","targetHints":{"allow":["GET"]}}],"collection":[{"href":"https:\/\/www.sweetmaloryne.com\/boutique\/wp-json\/wp\/v2\/product"}],"about":[{"href":"https:\/\/www.sweetmaloryne.com\/boutique\/wp-json\/wp\/v2\/types\/product"}],"wp:featuredmedia":[{"embeddable":true,"href":"https:\/\/www.sweetmaloryne.com\/boutique\/wp-json\/wp\/v2\/media\/54561"}],"wp:attachment":[{"href":"https:\/\/www.sweetmaloryne.com\/boutique\/wp-json\/wp\/v2\/media?parent=54559"}],"wp:term":[{"taxonomy":"product_brand","embeddable":true,"href":"https:\/\/www.sweetmaloryne.com\/boutique\/wp-json\/wp\/v2\/product_brand?post=54559"},{"taxonomy":"product_cat","embeddable":true,"href":"https:\/\/www.sweetmaloryne.com\/boutique\/wp-json\/wp\/v2\/product_cat?post=54559"},{"taxonomy":"product_tag","embeddable":true,"href":"https:\/\/www.sweetmaloryne.com\/boutique\/wp-json\/wp\/v2\/product_tag?post=54559"}],"curies":[{"name":"wp","href":"https:\/\/api.w.org\/{rel}","templated":true}]}}