{"id":54563,"date":"2026-05-09T10:19:01","date_gmt":"2026-05-09T08:19:01","guid":{"rendered":"https:\/\/www.sweetmaloryne.com\/boutique\/?post_type=product&#038;p=54563"},"modified":"2026-05-09T10:19:01","modified_gmt":"2026-05-09T08:19:01","slug":"attrape-soleil-en-cristal-daura-amethyste-h-40cm","status":"publish","type":"product","link":"https:\/\/www.sweetmaloryne.com\/boutique\/produit\/attrape-soleil-en-cristal-daura-amethyste-h-40cm\/","title":{"rendered":"Attrape-Soleil en Cristal d&rsquo;Aura \u2013 Am\u00e9thyste H.40cm"},"content":{"rendered":"<p>\ud83d\udc9c Am\u00e9thyste : favorise la tranquillit\u00e9, la clart\u00e9 mentale et la concentration apais\u00e9e<\/p>\n","protected":false},"excerpt":{"rendered":"<p>\u00c9levez votre espace et votre esprit avec nos Attrape-soleil Cristal Aura \u2728\ud83c\udf08<\/p>\n<p>Un m\u00e9lange radiant de lumi\u00e8re prismatique et d&rsquo;\u00e9nergie de pierres naturelles con\u00e7u pour illuminer l&rsquo;ambiance de la pi\u00e8ce et transformer la lumi\u00e8re du soleil en une d\u00e9coration arc\u2011en\u2011ciel en mouvement. \u2728<\/p>\n<p>D\u00e9tails \u2022 Longueur : 40 cm \u2022 Largeur : 7,2 cm<\/p>\n","protected":false},"featured_media":54566,"template":"","meta":[],"product_brand":[],"product_cat":[19,658,53],"product_tag":[],"class_list":{"0":"post-54563","1":"product","2":"type-product","3":"status-publish","4":"has-post-thumbnail","6":"product_cat-decoration","7":"product_cat-nouveautes","8":"product_cat-pendentifs","9":"description-off","11":"first","12":"instock","13":"shipping-taxable","14":"purchasable","15":"product-type-simple"},"_links":{"self":[{"href":"https:\/\/www.sweetmaloryne.com\/boutique\/wp-json\/wp\/v2\/product\/54563","targetHints":{"allow":["GET"]}}],"collection":[{"href":"https:\/\/www.sweetmaloryne.com\/boutique\/wp-json\/wp\/v2\/product"}],"about":[{"href":"https:\/\/www.sweetmaloryne.com\/boutique\/wp-json\/wp\/v2\/types\/product"}],"wp:featuredmedia":[{"embeddable":true,"href":"https:\/\/www.sweetmaloryne.com\/boutique\/wp-json\/wp\/v2\/media\/54566"}],"wp:attachment":[{"href":"https:\/\/www.sweetmaloryne.com\/boutique\/wp-json\/wp\/v2\/media?parent=54563"}],"wp:term":[{"taxonomy":"product_brand","embeddable":true,"href":"https:\/\/www.sweetmaloryne.com\/boutique\/wp-json\/wp\/v2\/product_brand?post=54563"},{"taxonomy":"product_cat","embeddable":true,"href":"https:\/\/www.sweetmaloryne.com\/boutique\/wp-json\/wp\/v2\/product_cat?post=54563"},{"taxonomy":"product_tag","embeddable":true,"href":"https:\/\/www.sweetmaloryne.com\/boutique\/wp-json\/wp\/v2\/product_tag?post=54563"}],"curies":[{"name":"wp","href":"https:\/\/api.w.org\/{rel}","templated":true}]}}