{"id":54580,"date":"2026-05-09T10:19:00","date_gmt":"2026-05-09T08:19:00","guid":{"rendered":"https:\/\/www.sweetmaloryne.com\/boutique\/?post_type=product&#038;p=54580"},"modified":"2026-05-09T10:19:00","modified_gmt":"2026-05-09T08:19:00","slug":"attrape-soleil-en-pierre-aigue-marine-h-46cm","status":"publish","type":"product","link":"https:\/\/www.sweetmaloryne.com\/boutique\/produit\/attrape-soleil-en-pierre-aigue-marine-h-46cm\/","title":{"rendered":"Attrape-Soleil en Pierre \u2013 Aigue Marine H.46cm"},"content":{"rendered":"","protected":false},"excerpt":{"rendered":"<p>Laissez entrer la lumi\u00e8re du soleil et transformez votre espace \u2600\ufe0f\u2728<\/p>\n<p>Un capteur de soleil suspendu con\u00e7u pour r\u00e9fl\u00e9chir la lumi\u00e8re naturelle en un d\u00e9cor arc\u2011en\u2011ciel vibrant qui illumine instantan\u00e9ment l\u2019\u00e9nergie d\u2019une pi\u00e8ce. \u2728<\/p>\n<p>D\u00e9tails \u2022 Longueur : 46 cm \u2022 Cercle en cristal : \u00a07,5 cm<\/p>\n<p>Ce \u00ab\u00a0suncatcher\u00a0\u00bb fait main pr\u00e9sente un accent de pierre pr\u00e9cieuse polie associ\u00e9 \u00e0 un prisme en cercle de cristal qui capte et r\u00e9fracte la lumi\u00e8re du soleil.<\/p>\n","protected":false},"featured_media":54573,"template":"","meta":[],"product_brand":[],"product_cat":[19,658,53],"product_tag":[],"class_list":{"0":"post-54580","1":"product","2":"type-product","3":"status-publish","4":"has-post-thumbnail","6":"product_cat-decoration","7":"product_cat-nouveautes","8":"product_cat-pendentifs","9":"description-off","11":"first","12":"instock","13":"shipping-taxable","14":"purchasable","15":"product-type-simple"},"_links":{"self":[{"href":"https:\/\/www.sweetmaloryne.com\/boutique\/wp-json\/wp\/v2\/product\/54580","targetHints":{"allow":["GET"]}}],"collection":[{"href":"https:\/\/www.sweetmaloryne.com\/boutique\/wp-json\/wp\/v2\/product"}],"about":[{"href":"https:\/\/www.sweetmaloryne.com\/boutique\/wp-json\/wp\/v2\/types\/product"}],"wp:featuredmedia":[{"embeddable":true,"href":"https:\/\/www.sweetmaloryne.com\/boutique\/wp-json\/wp\/v2\/media\/54573"}],"wp:attachment":[{"href":"https:\/\/www.sweetmaloryne.com\/boutique\/wp-json\/wp\/v2\/media?parent=54580"}],"wp:term":[{"taxonomy":"product_brand","embeddable":true,"href":"https:\/\/www.sweetmaloryne.com\/boutique\/wp-json\/wp\/v2\/product_brand?post=54580"},{"taxonomy":"product_cat","embeddable":true,"href":"https:\/\/www.sweetmaloryne.com\/boutique\/wp-json\/wp\/v2\/product_cat?post=54580"},{"taxonomy":"product_tag","embeddable":true,"href":"https:\/\/www.sweetmaloryne.com\/boutique\/wp-json\/wp\/v2\/product_tag?post=54580"}],"curies":[{"name":"wp","href":"https:\/\/api.w.org\/{rel}","templated":true}]}}