{"id":54581,"date":"2026-05-09T10:19:00","date_gmt":"2026-05-09T08:19:00","guid":{"rendered":"https:\/\/www.sweetmaloryne.com\/boutique\/?post_type=product&#038;p=54581"},"modified":"2026-05-09T10:19:00","modified_gmt":"2026-05-09T08:19:00","slug":"attrape-soleil-lune-en-opalite-h-37cm","status":"publish","type":"product","link":"https:\/\/www.sweetmaloryne.com\/boutique\/produit\/attrape-soleil-lune-en-opalite-h-37cm\/","title":{"rendered":"Attrape-Soleil \u00ab Lune en Opalite\u00bb H.37cm"},"content":{"rendered":"","protected":false},"excerpt":{"rendered":"<p>\u2728 D\u00e9tails \u2022 Longueur : 37 cm \u2022 Largeur :8 cm<\/p>\n<p>Fabriqu\u00e9 avec un cristal d&rsquo;opalite lisse et une silhouette de croissant de lune, ce mod\u00e8le transforme une simple d\u00e9coration de fen\u00eatre en une subtile d\u00e9claration c\u00e9leste.<\/p>\n<p>Lorsque la lumi\u00e8re du soleil le traverse, il cr\u00e9e un scintillement nacr\u00e9 qui \u00e9volue au fil de la journ\u00e9e<\/p>\n<p>L&rsquo;opalite est associ\u00e9e \u00e0 l&rsquo;\u00e9quilibre \u00e9motionnel, \u00e0 une communication apais\u00e9e et aux transitions douces.<\/p>\n<p>Beaucoup la choisissent dans les d\u00e9cors \u00e9sot\u00e9riques et spirituels car elle favorise la clart\u00e9 et une \u00e9nergie paisible.<\/p>\n<p>&nbsp;<\/p>\n","protected":false},"featured_media":54582,"template":"","meta":[],"product_brand":[],"product_cat":[19,658,53],"product_tag":[],"class_list":{"0":"post-54581","1":"product","2":"type-product","3":"status-publish","4":"has-post-thumbnail","6":"product_cat-decoration","7":"product_cat-nouveautes","8":"product_cat-pendentifs","9":"description-off","11":"first","12":"instock","13":"shipping-taxable","14":"purchasable","15":"product-type-simple"},"_links":{"self":[{"href":"https:\/\/www.sweetmaloryne.com\/boutique\/wp-json\/wp\/v2\/product\/54581","targetHints":{"allow":["GET"]}}],"collection":[{"href":"https:\/\/www.sweetmaloryne.com\/boutique\/wp-json\/wp\/v2\/product"}],"about":[{"href":"https:\/\/www.sweetmaloryne.com\/boutique\/wp-json\/wp\/v2\/types\/product"}],"wp:featuredmedia":[{"embeddable":true,"href":"https:\/\/www.sweetmaloryne.com\/boutique\/wp-json\/wp\/v2\/media\/54582"}],"wp:attachment":[{"href":"https:\/\/www.sweetmaloryne.com\/boutique\/wp-json\/wp\/v2\/media?parent=54581"}],"wp:term":[{"taxonomy":"product_brand","embeddable":true,"href":"https:\/\/www.sweetmaloryne.com\/boutique\/wp-json\/wp\/v2\/product_brand?post=54581"},{"taxonomy":"product_cat","embeddable":true,"href":"https:\/\/www.sweetmaloryne.com\/boutique\/wp-json\/wp\/v2\/product_cat?post=54581"},{"taxonomy":"product_tag","embeddable":true,"href":"https:\/\/www.sweetmaloryne.com\/boutique\/wp-json\/wp\/v2\/product_tag?post=54581"}],"curies":[{"name":"wp","href":"https:\/\/api.w.org\/{rel}","templated":true}]}}