{"id":54586,"date":"2026-05-09T10:19:00","date_gmt":"2026-05-09T08:19:00","guid":{"rendered":"https:\/\/www.sweetmaloryne.com\/boutique\/?post_type=product&#038;p=54586"},"modified":"2026-05-09T10:19:00","modified_gmt":"2026-05-09T08:19:00","slug":"attrape-soleil-sunlight-arc-en-ciel-h-46cm","status":"publish","type":"product","link":"https:\/\/www.sweetmaloryne.com\/boutique\/produit\/attrape-soleil-sunlight-arc-en-ciel-h-46cm\/","title":{"rendered":"Attrape-Soleil \u00abSunlight\u00bb Arc-en-Ciel H.46cm"},"content":{"rendered":"","protected":false},"excerpt":{"rendered":"<p>Ajoutez une touche de magie arc-en-ciel \u00e0 votre espace \u00a0\ud83c\udf08\u2728<\/p>\n<p>Un capteur de soleil suspendu con\u00e7u pour capter la lumi\u00e8re directe du soleil et la transformer en une d\u00e9coration arc-en-ciel vibrante qui se d\u00e9place avec gr\u00e2ce autour de vous. \u2728<\/p>\n<p>D\u00e9tails \u2022 Longueur :46 cm<\/p>\n<p>Con\u00e7u pour r\u00e9fracter les rayons lumineux en reflets color\u00e9s, cet objet transforme une simple d\u00e9coration de fen\u00eatre en un spectacle lumineux dynamique.<\/p>\n<p>Au fil du d\u00e9placement du soleil pendant la journ\u00e9e, des motifs arc-en-ciel se projettent sur vos murs, vos sols et m\u00eame les surfaces ext\u00e9rieures, illuminant instantan\u00e9ment l&rsquo;\u00e9nergie de la pi\u00e8ce et rehaussant l&rsquo;humeur.<\/p>\n<p>&nbsp;<\/p>\n","protected":false},"featured_media":54589,"template":"","meta":[],"product_brand":[],"product_cat":[19,658,53],"product_tag":[],"class_list":{"0":"post-54586","1":"product","2":"type-product","3":"status-publish","4":"has-post-thumbnail","6":"product_cat-decoration","7":"product_cat-nouveautes","8":"product_cat-pendentifs","9":"description-off","11":"first","12":"instock","13":"shipping-taxable","14":"purchasable","15":"product-type-simple"},"_links":{"self":[{"href":"https:\/\/www.sweetmaloryne.com\/boutique\/wp-json\/wp\/v2\/product\/54586","targetHints":{"allow":["GET"]}}],"collection":[{"href":"https:\/\/www.sweetmaloryne.com\/boutique\/wp-json\/wp\/v2\/product"}],"about":[{"href":"https:\/\/www.sweetmaloryne.com\/boutique\/wp-json\/wp\/v2\/types\/product"}],"wp:featuredmedia":[{"embeddable":true,"href":"https:\/\/www.sweetmaloryne.com\/boutique\/wp-json\/wp\/v2\/media\/54589"}],"wp:attachment":[{"href":"https:\/\/www.sweetmaloryne.com\/boutique\/wp-json\/wp\/v2\/media?parent=54586"}],"wp:term":[{"taxonomy":"product_brand","embeddable":true,"href":"https:\/\/www.sweetmaloryne.com\/boutique\/wp-json\/wp\/v2\/product_brand?post=54586"},{"taxonomy":"product_cat","embeddable":true,"href":"https:\/\/www.sweetmaloryne.com\/boutique\/wp-json\/wp\/v2\/product_cat?post=54586"},{"taxonomy":"product_tag","embeddable":true,"href":"https:\/\/www.sweetmaloryne.com\/boutique\/wp-json\/wp\/v2\/product_tag?post=54586"}],"curies":[{"name":"wp","href":"https:\/\/api.w.org\/{rel}","templated":true}]}}