{"id":54595,"date":"2026-05-09T10:19:00","date_gmt":"2026-05-09T08:19:00","guid":{"rendered":"https:\/\/www.sweetmaloryne.com\/boutique\/?post_type=product&#038;p=54595"},"modified":"2026-05-09T10:19:00","modified_gmt":"2026-05-09T08:19:00","slug":"attrape-soleil-arbre-de-vie-en-turquoise-h-42cm","status":"publish","type":"product","link":"https:\/\/www.sweetmaloryne.com\/boutique\/produit\/attrape-soleil-arbre-de-vie-en-turquoise-h-42cm\/","title":{"rendered":"Attrape-Soleil \u00abArbre de Vie en Turquoise\u00bb H.42cm"},"content":{"rendered":"<p>\ud83d\udc99 Turquoise : soutien, protection, calme et \u00e9quilibre \u00e9motionnel.<\/p>\n","protected":false},"excerpt":{"rendered":"<p>Un peu de lumi\u00e8re. Beaucoup de magie \ud83c\udf08\u2728<\/p>\n<p>Les attrape-soleil Arbre de Vie apportent chaleur, \u00e9quilibre et intention \u00e0 votre espace tout en transformant la lumi\u00e8re naturelle en une d\u00e9coration arc-en-ciel rayonnante. \u2728<\/p>\n<p>D\u00e9tails \u2022 Longueur :40 cm \u2022<\/p>\n<p>Accents en cristal con\u00e7us pour capter et r\u00e9fl\u00e9chir la lumi\u00e8re du soleil<\/p>\n<p>Cet attrape-soleil suspendu pr\u00e9sente l\u2019Arbre de Vie symbolique, repr\u00e9sentant la croissance, l\u2019enracinement et la connexion.<\/p>\n<p>Il sert de rappel visuel pour rester ancr\u00e9 tout en continuant \u00e0 s\u2019\u00e9panouir.<\/p>\n<p>Lorsque la lumi\u00e8re du soleil traverse les accents en cristal, de douces r\u00e9flexions arc-en-ciel se dispersent sur la d\u00e9coration de votre fen\u00eatre et sur les murs, illuminant instantan\u00e9ment l\u2019\u00e9nergie de la pi\u00e8ce et cr\u00e9ant une atmosph\u00e8re paisible.<\/p>\n","protected":false},"featured_media":54597,"template":"","meta":[],"product_brand":[],"product_cat":[19,658,53],"product_tag":[],"class_list":{"0":"post-54595","1":"product","2":"type-product","3":"status-publish","4":"has-post-thumbnail","6":"product_cat-decoration","7":"product_cat-nouveautes","8":"product_cat-pendentifs","9":"description-off","11":"first","12":"instock","13":"shipping-taxable","14":"purchasable","15":"product-type-simple"},"_links":{"self":[{"href":"https:\/\/www.sweetmaloryne.com\/boutique\/wp-json\/wp\/v2\/product\/54595","targetHints":{"allow":["GET"]}}],"collection":[{"href":"https:\/\/www.sweetmaloryne.com\/boutique\/wp-json\/wp\/v2\/product"}],"about":[{"href":"https:\/\/www.sweetmaloryne.com\/boutique\/wp-json\/wp\/v2\/types\/product"}],"wp:featuredmedia":[{"embeddable":true,"href":"https:\/\/www.sweetmaloryne.com\/boutique\/wp-json\/wp\/v2\/media\/54597"}],"wp:attachment":[{"href":"https:\/\/www.sweetmaloryne.com\/boutique\/wp-json\/wp\/v2\/media?parent=54595"}],"wp:term":[{"taxonomy":"product_brand","embeddable":true,"href":"https:\/\/www.sweetmaloryne.com\/boutique\/wp-json\/wp\/v2\/product_brand?post=54595"},{"taxonomy":"product_cat","embeddable":true,"href":"https:\/\/www.sweetmaloryne.com\/boutique\/wp-json\/wp\/v2\/product_cat?post=54595"},{"taxonomy":"product_tag","embeddable":true,"href":"https:\/\/www.sweetmaloryne.com\/boutique\/wp-json\/wp\/v2\/product_tag?post=54595"}],"curies":[{"name":"wp","href":"https:\/\/api.w.org\/{rel}","templated":true}]}}