{"id":6705,"date":"2021-04-19T13:38:56","date_gmt":"2021-04-19T11:38:56","guid":{"rendered":"https:\/\/sweetmaloryne.com\/boutique\/produit\/boite-a-gouter-eliot-en-fibre-de-bambou-158x15x6cm\/"},"modified":"2026-01-22T14:22:50","modified_gmt":"2026-01-22T13:22:50","slug":"boite-a-gouter-eliot-en-fibre-de-bambou-158x15x6cm","status":"publish","type":"product","link":"https:\/\/www.sweetmaloryne.com\/boutique\/produit\/boite-a-gouter-eliot-en-fibre-de-bambou-158x15x6cm\/","title":{"rendered":"Bo\u00eete \u00e0 Go\u00fbter \u00ab\u00a0Eliot\u00a0\u00bb en Fibre de Bambou 15,8x15x6cm"},"content":{"rendered":"","protected":false},"excerpt":{"rendered":"","protected":false},"featured_media":6703,"template":"","meta":[],"product_brand":[],"product_cat":[22,29,41,36],"product_tag":[],"class_list":{"0":"post-6705","1":"product","2":"type-product","3":"status-publish","4":"has-post-thumbnail","6":"product_cat-destockage","7":"product_cat-cuisine","8":"product_cat-kids","9":"product_cat-rangements","10":"description-off","12":"first","13":"instock","14":"sale","15":"shipping-taxable","16":"purchasable","17":"product-type-simple"},"_links":{"self":[{"href":"https:\/\/www.sweetmaloryne.com\/boutique\/wp-json\/wp\/v2\/product\/6705","targetHints":{"allow":["GET"]}}],"collection":[{"href":"https:\/\/www.sweetmaloryne.com\/boutique\/wp-json\/wp\/v2\/product"}],"about":[{"href":"https:\/\/www.sweetmaloryne.com\/boutique\/wp-json\/wp\/v2\/types\/product"}],"wp:featuredmedia":[{"embeddable":true,"href":"https:\/\/www.sweetmaloryne.com\/boutique\/wp-json\/wp\/v2\/media\/6703"}],"wp:attachment":[{"href":"https:\/\/www.sweetmaloryne.com\/boutique\/wp-json\/wp\/v2\/media?parent=6705"}],"wp:term":[{"taxonomy":"product_brand","embeddable":true,"href":"https:\/\/www.sweetmaloryne.com\/boutique\/wp-json\/wp\/v2\/product_brand?post=6705"},{"taxonomy":"product_cat","embeddable":true,"href":"https:\/\/www.sweetmaloryne.com\/boutique\/wp-json\/wp\/v2\/product_cat?post=6705"},{"taxonomy":"product_tag","embeddable":true,"href":"https:\/\/www.sweetmaloryne.com\/boutique\/wp-json\/wp\/v2\/product_tag?post=6705"}],"curies":[{"name":"wp","href":"https:\/\/api.w.org\/{rel}","templated":true}]}}